{"id":1663,"date":"2021-03-03T10:09:48","date_gmt":"2021-03-03T09:09:48","guid":{"rendered":"https:\/\/www.labex-lipstic.fr\/mentions-legales\/"},"modified":"2022-07-22T17:04:44","modified_gmt":"2022-07-22T15:04:44","slug":"legal-notices","status":"publish","type":"page","link":"https:\/\/www.labex-lipstic.fr\/en\/legal-notices\/","title":{"rendered":"Legal notices"},"content":{"rendered":"\t\t<div data-elementor-type=\"wp-page\" data-elementor-id=\"1663\" class=\"elementor elementor-1663 elementor-1597\" data-elementor-post-type=\"page\">\n\t\t\t\t\t\t\t\t\t<section class=\"elementor-section elementor-top-section elementor-element elementor-element-24e1e0cc elementor-section-full_width elementor-section-height-default elementor-section-height-default\" data-id=\"24e1e0cc\" data-element_type=\"section\">\n\t\t\t\t\t\t<div class=\"elementor-container elementor-column-gap-default\">\n\t\t\t\t\t<div class=\"elementor-column elementor-col-50 elementor-top-column elementor-element elementor-element-1d51a9e5\" data-id=\"1d51a9e5\" data-element_type=\"column\">\n\t\t\t<div class=\"elementor-widget-wrap elementor-element-populated\">\n\t\t\t\t\t\t\t\t<div class=\"elementor-element elementor-element-19ae8f20 elementor-widget elementor-widget-text-editor\" data-id=\"19ae8f20\" data-element_type=\"widget\" data-widget_type=\"text-editor.default\">\n\t\t\t\t<div class=\"elementor-widget-container\">\n\t\t\t\t\t\t\t<div>\n<div class=\"region-inner clearfix\">\n<div class=\"panel-pane pane-node-title no-title block\">\n<div class=\"block-inner clearfix\">\n<div class=\"block-content\">EN : Philippe SAAS, coordinateur LabEx <a class=\"alinks-link\" title=\"LipSTIC presentation\" href=\"http:\/\/www.labex-lipstic.fr\/node\/24\">LipSTIC<\/a><\/div>\n<\/div>\n<\/div>\n<div class=\"panel-pane pane-entity-field pane-node-body no-title block\">\n<div class=\"block-inner clearfix\">\n<div class=\"block-content\">\n<div class=\"field field-name-body field-type-text-with-summary field-label-hidden view-mode-_custom_display\">\n<div class=\"field-items\">\n<div class=\"field-item even\">\n<p>UMR1098&nbsp;Interactions H\u00f4te-Greffon-Tumeur &amp; Ing\u00e9nierie Cellulaire et G\u00e9nique,<br>Etablissement Fran\u00e7ais du Sang Bourgogne Franche-Comt\u00e9<br>8 rue du Docteur Jean-Fran\u00e7ois-Xavier Girod<br>BP 1937&nbsp;25020 BESANCON cedex<br>T\u00e9l : +33 (0)3 81 61 56 28<br>Mail :&nbsp;<a href=\"mailto:philippe.saas@efs.sante.fr\">philippe.saas@efs.sante.fr<\/a><\/p>\n<p>Directeur de la publication :&nbsp;Philippe SAAS,<br>Conception, r\u00e9alisation, h\u00e9bergement :&nbsp;<a href=\"https:\/\/www.i-com.fr\" target=\"_blank\" rel=\"noopener\">i-com agence Web<\/a> \u2013 9 place Darcy \u2013 21000 Dijon &#8211; France&nbsp;SAS I-Com au capital de 38 200\u20ac &#8211; RCS Dijon 432 209 427<\/p>\n<p><strong>Propri\u00e9t\u00e9 intellectuelle et marques<\/strong><br>Tous les \u00e9l\u00e9ments de ce site internet, textes, graphismes, logos, sons, photos, animations, vid\u00e9os\u2026 sont la propri\u00e9t\u00e9 du LabEx LipSTIC, \u00e0 l\u2019exclusion des \u00e9l\u00e9ments \u00e9manant de ses partenaires, et sont prot\u00e9g\u00e9s \u00e0 ce titre par la l\u00e9gislation relative aux droits d\u2019auteur et au droit \u00e0 l\u2019image. Vous ne pouvez en aucun cas utiliser, distribuer, copier, reproduire, modifier, d\u00e9naturer ou transmettre le site ou des \u00e9l\u00e9ments du site tels que, sans que cette liste soit limitative, les textes, images, sons ou marques et logos sans l\u2019autorisation \u00e9crite et pr\u00e9alable du&nbsp;LabEx&nbsp;LipSTIC&nbsp;ou des titulaires des droits. Le non-respect de cette interdiction peut constituer une contrefa\u00e7on des droits de propri\u00e9t\u00e9 intellectuelle ou une atteinte aux droits des personnes et peut \u00e0 ce titre engager votre responsabilit\u00e9, y compris dans le cadre d\u2019une action p\u00e9nale.<\/p>\n<p><strong>Informations contenues dans le site<\/strong><br>Les informations fournies sur le site du LabEx&nbsp;LipSTIC&nbsp;le sont \u00e0 titre informatif. Le&nbsp;LabEx&nbsp;LipSTIC&nbsp;ne saurait garantir l\u2019exactitude, la compl\u00e9tude, l\u2019actualit\u00e9 des informations diffus\u00e9es sur le site. Le LabEx&nbsp;LipSTIC&nbsp;met tout en \u0153uvre pour offrir aux utilisateurs des informations et des outils disponibles et v\u00e9rifi\u00e9s, mais ne saurait \u00eatre tenu pour responsable des erreurs, omissions et absence de disponibilit\u00e9 des informations et des services. En cons\u00e9quence, l\u2019utilisateur reconna\u00eet utiliser ces informations sous sa responsabilit\u00e9 exclusive.<\/p>\n<p><strong>Loi Informatique et Libert\u00e9s<\/strong><br>Conform\u00e9ment \u00e0 la loi n\u00b078-17 du 6 janvier 1978 relative \u00e0 l\u2019Informatique, aux fichiers et aux libert\u00e9s, vous disposez d\u2019un droit d\u2019acc\u00e8s, de modification, de rectification et de suppression des donn\u00e9es qui vous concernent. Si vous souhaitez exercer ce droit, il vous suffit de nous \u00e9crire \u00e0&nbsp;:<\/p>\n<p>Philippe SAAS, coordinateur LabEx <a class=\"alinks-link\" title=\"LipSTIC presentation\" href=\"http:\/\/www.labex-lipstic.fr\/node\/24\">LipSTIC<\/a><br>UMR1098 Interactions H\u00f4te-Greffon-Tumeur &amp; Ing\u00e9nierie Cellulaire et G\u00e9nique,<br>Etablissement Fran\u00e7ais du Sang Bourgogne Franche-Comt\u00e9<br>8 rue du Docteur Jean-Fran\u00e7ois-Xavier Girod<br>BP 1937 25020 BESANCON cedex<br>T\u00e9l : +33 (0)3 81 61 56 28<br>Mail : <a href=\"mailto:philippe.saas@efs.sante.fr\">philippe.saas@efs.sante.fr<\/a><\/p>\n<p><strong>Cookies<br><\/strong>Lors de la consultation du site&nbsp;<a href=\"http:\/\/www.labex-lipstic.fr\">www.labex-lipstic.fr<\/a>, des informations relatives \u00e0 la navigation de votre terminal (ordinateur, tablette,&nbsp;smartphone, etc.) sur notre site, sont susceptibles d&#8217;\u00eatre enregistr\u00e9es dans des fichiers &#8220;cookies&#8221; install\u00e9s sur votre terminal.<\/p>\n<p>Les cookies que nous \u00e9mettons nous permettent d&#8217;\u00e9tablir des statistiques de fr\u00e9quentation de notre site.<\/p>\n<p>Vous avez la possibilit\u00e9 de refuser les cookies en param\u00e9trant votre navigateur web&nbsp;:<\/p>\n<p>Internet Explorer :&nbsp;<a href=\"http:\/\/windows.microsoft.com\/fr-fr\/internet-explorer\/delete-manage-cookies\" target=\"_blank\" rel=\"noopener\">http:\/\/windows.microsoft.com\/fr-fr\/internet-explorer\/delete-manage-cookies<\/a><br>Chrome :&nbsp;<a href=\"http:\/\/support.google.com\/chrome\/bin\/answer.py?hl=fr&amp;hlrm=en&amp;answer=95647\" target=\"_blank\" rel=\"noopener\">http:\/\/support.google.com\/chrome\/bin\/answer.py?hl=fr&amp;hlrm=en&amp;answer=95647<\/a><br>Firefox :&nbsp;<a href=\"https:\/\/support.mozilla.org\/fr\/kb\/activer-desactiver-cookies\" target=\"_blank\" rel=\"noopener\">https:\/\/support.mozilla.org\/fr\/kb\/activer-desactiver-cookies<\/a><br>Safari :&nbsp;<a href=\"http:\/\/support.apple.com\/kb\/index?page=search&amp;q=manage%20cookies\" target=\"_blank\" rel=\"noopener\">http:\/\/support.apple.com\/kb\/index?page=search&amp;q=manage%20cookies<\/a><br>Opera :&nbsp;<a href=\"http:\/\/www.opera.com\/help\/tutorials\/security\/privacy\/\" target=\"_blank\" rel=\"noopener\">http:\/\/www.opera.com\/help\/tutorials\/security\/privacy\/<\/a><\/p>\n<\/div>\n<\/div>\n<\/div>\n<\/div>\n<\/div>\n<\/div>\n<\/div>\n<\/div>\t\t\t\t\t\t<\/div>\n\t\t\t\t<\/div>\n\t\t\t\t\t<\/div>\n\t\t<\/div>\n\t\t\t\t<div class=\"elementor-column elementor-col-50 elementor-top-column elementor-element elementor-element-141e45a3\" data-id=\"141e45a3\" data-element_type=\"column\">\n\t\t\t<div class=\"elementor-widget-wrap elementor-element-populated\">\n\t\t\t\t\t\t\t\t<div class=\"elementor-element elementor-element-44658598 elementor-widget elementor-widget-image\" data-id=\"44658598\" data-element_type=\"widget\" data-widget_type=\"image.default\">\n\t\t\t\t<div class=\"elementor-widget-container\">\n\t\t\t\t\t\t\t\t\t\t\t\t\t\t\t<img decoding=\"async\" width=\"300\" height=\"200\" src=\"https:\/\/www.labex-lipstic.fr\/wp-content\/uploads\/2021\/01\/pexels-alena-shekhovtcova-6074949-300x200.jpg\" class=\"attachment-medium size-medium wp-image-1673\" alt=\"\" srcset=\"https:\/\/www.labex-lipstic.fr\/wp-content\/uploads\/2021\/01\/pexels-alena-shekhovtcova-6074949-300x200.jpg 300w, https:\/\/www.labex-lipstic.fr\/wp-content\/uploads\/2021\/01\/pexels-alena-shekhovtcova-6074949-1024x683.jpg 1024w, https:\/\/www.labex-lipstic.fr\/wp-content\/uploads\/2021\/01\/pexels-alena-shekhovtcova-6074949-768x512.jpg 768w, https:\/\/www.labex-lipstic.fr\/wp-content\/uploads\/2021\/01\/pexels-alena-shekhovtcova-6074949-1536x1024.jpg 1536w, https:\/\/www.labex-lipstic.fr\/wp-content\/uploads\/2021\/01\/pexels-alena-shekhovtcova-6074949-2048x1365.jpg 2048w, https:\/\/www.labex-lipstic.fr\/wp-content\/uploads\/2021\/01\/pexels-alena-shekhovtcova-6074949-24x16.jpg 24w, https:\/\/www.labex-lipstic.fr\/wp-content\/uploads\/2021\/01\/pexels-alena-shekhovtcova-6074949-36x24.jpg 36w, https:\/\/www.labex-lipstic.fr\/wp-content\/uploads\/2021\/01\/pexels-alena-shekhovtcova-6074949-48x32.jpg 48w\" sizes=\"(max-width: 300px) 100vw, 300px\" \/>\t\t\t\t\t\t\t\t\t\t\t\t\t\t\t<\/div>\n\t\t\t\t<\/div>\n\t\t\t\t<div class=\"elementor-element elementor-element-3da03458 elementor-widget elementor-widget-image\" data-id=\"3da03458\" data-element_type=\"widget\" data-widget_type=\"image.default\">\n\t\t\t\t<div class=\"elementor-widget-container\">\n\t\t\t\t\t\t\t\t\t\t\t\t\t\t\t<img decoding=\"async\" width=\"300\" height=\"200\" src=\"https:\/\/www.labex-lipstic.fr\/wp-content\/uploads\/2021\/01\/pexels-chokniti-khongchum-2280571-1-300x200.jpg\" class=\"attachment-medium size-medium wp-image-1713\" alt=\"\" srcset=\"https:\/\/www.labex-lipstic.fr\/wp-content\/uploads\/2021\/01\/pexels-chokniti-khongchum-2280571-1-300x200.jpg 300w, https:\/\/www.labex-lipstic.fr\/wp-content\/uploads\/2021\/01\/pexels-chokniti-khongchum-2280571-1-1024x684.jpg 1024w, https:\/\/www.labex-lipstic.fr\/wp-content\/uploads\/2021\/01\/pexels-chokniti-khongchum-2280571-1-768x513.jpg 768w, https:\/\/www.labex-lipstic.fr\/wp-content\/uploads\/2021\/01\/pexels-chokniti-khongchum-2280571-1-1536x1025.jpg 1536w, https:\/\/www.labex-lipstic.fr\/wp-content\/uploads\/2021\/01\/pexels-chokniti-khongchum-2280571-1-2048x1367.jpg 2048w, https:\/\/www.labex-lipstic.fr\/wp-content\/uploads\/2021\/01\/pexels-chokniti-khongchum-2280571-1-24x16.jpg 24w, https:\/\/www.labex-lipstic.fr\/wp-content\/uploads\/2021\/01\/pexels-chokniti-khongchum-2280571-1-36x24.jpg 36w, https:\/\/www.labex-lipstic.fr\/wp-content\/uploads\/2021\/01\/pexels-chokniti-khongchum-2280571-1-48x32.jpg 48w\" sizes=\"(max-width: 300px) 100vw, 300px\" \/>\t\t\t\t\t\t\t\t\t\t\t\t\t\t\t<\/div>\n\t\t\t\t<\/div>\n\t\t\t\t<div class=\"elementor-element elementor-element-53999903 elementor-widget elementor-widget-image\" data-id=\"53999903\" data-element_type=\"widget\" data-widget_type=\"image.default\">\n\t\t\t\t<div class=\"elementor-widget-container\">\n\t\t\t\t\t\t\t\t\t\t\t\t\t\t\t<img decoding=\"async\" width=\"300\" height=\"200\" src=\"https:\/\/www.labex-lipstic.fr\/wp-content\/uploads\/2021\/01\/pexels-edward-jenner-4031867-300x200.jpg\" class=\"attachment-medium size-medium wp-image-1671\" alt=\"\" srcset=\"https:\/\/www.labex-lipstic.fr\/wp-content\/uploads\/2021\/01\/pexels-edward-jenner-4031867-300x200.jpg 300w, https:\/\/www.labex-lipstic.fr\/wp-content\/uploads\/2021\/01\/pexels-edward-jenner-4031867-1024x683.jpg 1024w, https:\/\/www.labex-lipstic.fr\/wp-content\/uploads\/2021\/01\/pexels-edward-jenner-4031867-768x512.jpg 768w, https:\/\/www.labex-lipstic.fr\/wp-content\/uploads\/2021\/01\/pexels-edward-jenner-4031867-1536x1024.jpg 1536w, https:\/\/www.labex-lipstic.fr\/wp-content\/uploads\/2021\/01\/pexels-edward-jenner-4031867-2048x1365.jpg 2048w, https:\/\/www.labex-lipstic.fr\/wp-content\/uploads\/2021\/01\/pexels-edward-jenner-4031867-24x16.jpg 24w, https:\/\/www.labex-lipstic.fr\/wp-content\/uploads\/2021\/01\/pexels-edward-jenner-4031867-36x24.jpg 36w, https:\/\/www.labex-lipstic.fr\/wp-content\/uploads\/2021\/01\/pexels-edward-jenner-4031867-48x32.jpg 48w\" sizes=\"(max-width: 300px) 100vw, 300px\" \/>\t\t\t\t\t\t\t\t\t\t\t\t\t\t\t<\/div>\n\t\t\t\t<\/div>\n\t\t\t\t<div class=\"elementor-element elementor-element-15609da1 elementor-widget elementor-widget-image\" data-id=\"15609da1\" data-element_type=\"widget\" data-widget_type=\"image.default\">\n\t\t\t\t<div class=\"elementor-widget-container\">\n\t\t\t\t\t\t\t\t\t\t\t\t\t\t\t<img decoding=\"async\" width=\"300\" height=\"200\" src=\"https:\/\/www.labex-lipstic.fr\/wp-content\/uploads\/2021\/01\/doctor-5871743_1920-300x200.jpg\" class=\"attachment-medium size-medium wp-image-1611\" alt=\"\" srcset=\"https:\/\/www.labex-lipstic.fr\/wp-content\/uploads\/2021\/01\/doctor-5871743_1920-300x200.jpg 300w, https:\/\/www.labex-lipstic.fr\/wp-content\/uploads\/2021\/01\/doctor-5871743_1920-1024x683.jpg 1024w, https:\/\/www.labex-lipstic.fr\/wp-content\/uploads\/2021\/01\/doctor-5871743_1920-768x512.jpg 768w, https:\/\/www.labex-lipstic.fr\/wp-content\/uploads\/2021\/01\/doctor-5871743_1920-1536x1024.jpg 1536w, https:\/\/www.labex-lipstic.fr\/wp-content\/uploads\/2021\/01\/doctor-5871743_1920-24x16.jpg 24w, https:\/\/www.labex-lipstic.fr\/wp-content\/uploads\/2021\/01\/doctor-5871743_1920-36x24.jpg 36w, https:\/\/www.labex-lipstic.fr\/wp-content\/uploads\/2021\/01\/doctor-5871743_1920-48x32.jpg 48w, https:\/\/www.labex-lipstic.fr\/wp-content\/uploads\/2021\/01\/doctor-5871743_1920.jpg 1920w\" sizes=\"(max-width: 300px) 100vw, 300px\" \/>\t\t\t\t\t\t\t\t\t\t\t\t\t\t\t<\/div>\n\t\t\t\t<\/div>\n\t\t\t\t\t<\/div>\n\t\t<\/div>\n\t\t\t\t\t\t\t<\/div>\n\t\t<\/section>\n\t\t\t\t\t\t\t<\/div>\n\t\t","protected":false},"excerpt":{"rendered":"<p>EN : Philippe SAAS, coordinateur LabEx LipSTIC UMR1098\u00a0Interactions H\u00f4te-Greffon-Tumeur &amp; Ing\u00e9nierie Cellulaire et G\u00e9nique, Etablissement Fran\u00e7ais du Sang Bourgogne Franche-Comt\u00e9 8 rue du Docteur Jean-Fran\u00e7ois-Xavier Girod BP 1937\u00a025020 BESANCON cedex T\u00e9l : +33 (0)3 81 61 56 28 Mail :\u00a0philippe.saas@efs.sante.fr Directeur de la publication :\u00a0Philippe SAAS, Conception, r\u00e9alisation, h\u00e9bergement :\u00a0i-com agence Web \u2013 9 place [&hellip;]<\/p>\n","protected":false},"author":1,"featured_media":0,"parent":0,"menu_order":0,"comment_status":"closed","ping_status":"closed","template":"","meta":{"footnotes":""},"acf":[],"yoast_head":"<!-- This site is optimized with the Yoast SEO plugin v21.3 - https:\/\/yoast.com\/wordpress\/plugins\/seo\/ -->\n<title>Legal notices - Labex Lipstic<\/title>\n<meta name=\"robots\" content=\"index, follow, max-snippet:-1, max-image-preview:large, max-video-preview:-1\" \/>\n<link rel=\"canonical\" href=\"https:\/\/www.labex-lipstic.fr\/en\/legal-notices\/\" \/>\n<meta property=\"og:locale\" content=\"en_US\" \/>\n<meta property=\"og:type\" content=\"article\" \/>\n<meta property=\"og:title\" content=\"Legal notices - Labex Lipstic\" \/>\n<meta property=\"og:description\" content=\"EN : Philippe SAAS, coordinateur LabEx LipSTIC UMR1098\u00a0Interactions H\u00f4te-Greffon-Tumeur &amp; Ing\u00e9nierie Cellulaire et G\u00e9nique, Etablissement Fran\u00e7ais du Sang Bourgogne Franche-Comt\u00e9 8 rue du Docteur Jean-Fran\u00e7ois-Xavier Girod BP 1937\u00a025020 BESANCON cedex T\u00e9l : +33 (0)3 81 61 56 28 Mail :\u00a0philippe.saas@efs.sante.fr Directeur de la publication :\u00a0Philippe SAAS, Conception, r\u00e9alisation, h\u00e9bergement :\u00a0i-com agence Web \u2013 9 place [&hellip;]\" \/>\n<meta property=\"og:url\" content=\"https:\/\/www.labex-lipstic.fr\/en\/legal-notices\/\" \/>\n<meta property=\"og:site_name\" content=\"Labex Lipstic\" \/>\n<meta property=\"article:modified_time\" content=\"2022-07-22T15:04:44+00:00\" \/>\n<meta property=\"og:image\" content=\"https:\/\/www.labex-lipstic.fr\/wp-content\/uploads\/2021\/01\/pexels-alena-shekhovtcova-6074949-300x200.jpg\" \/>\n<meta name=\"twitter:card\" content=\"summary_large_image\" \/>\n<meta name=\"twitter:label1\" content=\"Est. reading time\" \/>\n\t<meta name=\"twitter:data1\" content=\"3 minutes\" \/>\n<script type=\"application\/ld+json\" class=\"yoast-schema-graph\">{\"@context\":\"https:\/\/schema.org\",\"@graph\":[{\"@type\":\"WebPage\",\"@id\":\"https:\/\/www.labex-lipstic.fr\/en\/legal-notices\/\",\"url\":\"https:\/\/www.labex-lipstic.fr\/en\/legal-notices\/\",\"name\":\"Legal notices - Labex Lipstic\",\"isPartOf\":{\"@id\":\"https:\/\/www.labex-lipstic.fr\/en\/#website\"},\"datePublished\":\"2021-03-03T09:09:48+00:00\",\"dateModified\":\"2022-07-22T15:04:44+00:00\",\"breadcrumb\":{\"@id\":\"https:\/\/www.labex-lipstic.fr\/en\/legal-notices\/#breadcrumb\"},\"inLanguage\":\"en-US\",\"potentialAction\":[{\"@type\":\"ReadAction\",\"target\":[\"https:\/\/www.labex-lipstic.fr\/en\/legal-notices\/\"]}]},{\"@type\":\"BreadcrumbList\",\"@id\":\"https:\/\/www.labex-lipstic.fr\/en\/legal-notices\/#breadcrumb\",\"itemListElement\":[{\"@type\":\"ListItem\",\"position\":1,\"name\":\"Accueil\",\"item\":\"https:\/\/www.labex-lipstic.fr\/en\/\"},{\"@type\":\"ListItem\",\"position\":2,\"name\":\"Legal notices\"}]},{\"@type\":\"WebSite\",\"@id\":\"https:\/\/www.labex-lipstic.fr\/en\/#website\",\"url\":\"https:\/\/www.labex-lipstic.fr\/en\/\",\"name\":\"Labex Lipstic\",\"description\":\"Site de Labex Lipstic\",\"potentialAction\":[{\"@type\":\"SearchAction\",\"target\":{\"@type\":\"EntryPoint\",\"urlTemplate\":\"https:\/\/www.labex-lipstic.fr\/en\/?s={search_term_string}\"},\"query-input\":\"required name=search_term_string\"}],\"inLanguage\":\"en-US\"}]}<\/script>\n<!-- \/ Yoast SEO plugin. -->","yoast_head_json":{"title":"Legal notices - Labex Lipstic","robots":{"index":"index","follow":"follow","max-snippet":"max-snippet:-1","max-image-preview":"max-image-preview:large","max-video-preview":"max-video-preview:-1"},"canonical":"https:\/\/www.labex-lipstic.fr\/en\/legal-notices\/","og_locale":"en_US","og_type":"article","og_title":"Legal notices - Labex Lipstic","og_description":"EN : Philippe SAAS, coordinateur LabEx LipSTIC UMR1098\u00a0Interactions H\u00f4te-Greffon-Tumeur &amp; Ing\u00e9nierie Cellulaire et G\u00e9nique, Etablissement Fran\u00e7ais du Sang Bourgogne Franche-Comt\u00e9 8 rue du Docteur Jean-Fran\u00e7ois-Xavier Girod BP 1937\u00a025020 BESANCON cedex T\u00e9l : +33 (0)3 81 61 56 28 Mail :\u00a0philippe.saas@efs.sante.fr Directeur de la publication :\u00a0Philippe SAAS, Conception, r\u00e9alisation, h\u00e9bergement :\u00a0i-com agence Web \u2013 9 place [&hellip;]","og_url":"https:\/\/www.labex-lipstic.fr\/en\/legal-notices\/","og_site_name":"Labex Lipstic","article_modified_time":"2022-07-22T15:04:44+00:00","og_image":[{"url":"https:\/\/www.labex-lipstic.fr\/wp-content\/uploads\/2021\/01\/pexels-alena-shekhovtcova-6074949-300x200.jpg"}],"twitter_card":"summary_large_image","twitter_misc":{"Est. reading time":"3 minutes"},"schema":{"@context":"https:\/\/schema.org","@graph":[{"@type":"WebPage","@id":"https:\/\/www.labex-lipstic.fr\/en\/legal-notices\/","url":"https:\/\/www.labex-lipstic.fr\/en\/legal-notices\/","name":"Legal notices - Labex Lipstic","isPartOf":{"@id":"https:\/\/www.labex-lipstic.fr\/en\/#website"},"datePublished":"2021-03-03T09:09:48+00:00","dateModified":"2022-07-22T15:04:44+00:00","breadcrumb":{"@id":"https:\/\/www.labex-lipstic.fr\/en\/legal-notices\/#breadcrumb"},"inLanguage":"en-US","potentialAction":[{"@type":"ReadAction","target":["https:\/\/www.labex-lipstic.fr\/en\/legal-notices\/"]}]},{"@type":"BreadcrumbList","@id":"https:\/\/www.labex-lipstic.fr\/en\/legal-notices\/#breadcrumb","itemListElement":[{"@type":"ListItem","position":1,"name":"Accueil","item":"https:\/\/www.labex-lipstic.fr\/en\/"},{"@type":"ListItem","position":2,"name":"Legal notices"}]},{"@type":"WebSite","@id":"https:\/\/www.labex-lipstic.fr\/en\/#website","url":"https:\/\/www.labex-lipstic.fr\/en\/","name":"Labex Lipstic","description":"Site de Labex Lipstic","potentialAction":[{"@type":"SearchAction","target":{"@type":"EntryPoint","urlTemplate":"https:\/\/www.labex-lipstic.fr\/en\/?s={search_term_string}"},"query-input":"required name=search_term_string"}],"inLanguage":"en-US"}]}},"_links":{"self":[{"href":"https:\/\/www.labex-lipstic.fr\/en\/wp-json\/wp\/v2\/pages\/1663"}],"collection":[{"href":"https:\/\/www.labex-lipstic.fr\/en\/wp-json\/wp\/v2\/pages"}],"about":[{"href":"https:\/\/www.labex-lipstic.fr\/en\/wp-json\/wp\/v2\/types\/page"}],"author":[{"embeddable":true,"href":"https:\/\/www.labex-lipstic.fr\/en\/wp-json\/wp\/v2\/users\/1"}],"replies":[{"embeddable":true,"href":"https:\/\/www.labex-lipstic.fr\/en\/wp-json\/wp\/v2\/comments?post=1663"}],"version-history":[{"count":5,"href":"https:\/\/www.labex-lipstic.fr\/en\/wp-json\/wp\/v2\/pages\/1663\/revisions"}],"predecessor-version":[{"id":3666,"href":"https:\/\/www.labex-lipstic.fr\/en\/wp-json\/wp\/v2\/pages\/1663\/revisions\/3666"}],"wp:attachment":[{"href":"https:\/\/www.labex-lipstic.fr\/en\/wp-json\/wp\/v2\/media?parent=1663"}],"curies":[{"name":"wp","href":"https:\/\/api.w.org\/{rel}","templated":true}]}}