{"id":1685,"date":"2021-03-03T10:49:48","date_gmt":"2021-03-03T09:49:48","guid":{"rendered":"https:\/\/www.labex-lipstic.fr\/presentation\/formation\/"},"modified":"2022-07-22T17:21:25","modified_gmt":"2022-07-22T15:21:25","slug":"formation","status":"publish","type":"page","link":"https:\/\/www.labex-lipstic.fr\/en\/presentation\/formation\/","title":{"rendered":"Formation en"},"content":{"rendered":"\t\t<div data-elementor-type=\"wp-page\" data-elementor-id=\"1685\" class=\"elementor elementor-1685 elementor-1065\" data-elementor-post-type=\"page\">\n\t\t\t\t\t\t\t\t\t<section class=\"elementor-section elementor-top-section elementor-element elementor-element-8732746 elementor-section-full_width elementor-section-height-default elementor-section-height-default\" data-id=\"8732746\" data-element_type=\"section\">\n\t\t\t\t\t\t<div class=\"elementor-container elementor-column-gap-default\">\n\t\t\t\t\t<div class=\"elementor-column elementor-col-50 elementor-top-column elementor-element elementor-element-5a8785ad\" data-id=\"5a8785ad\" data-element_type=\"column\">\n\t\t\t<div class=\"elementor-widget-wrap elementor-element-populated\">\n\t\t\t\t\t\t\t\t<div class=\"elementor-element elementor-element-1b31a02a elementor-widget elementor-widget-text-editor\" data-id=\"1b31a02a\" data-element_type=\"widget\" data-widget_type=\"text-editor.default\">\n\t\t\t\t<div class=\"elementor-widget-container\">\n\t\t\t\t\t\t\t<h2>Garantir l\u2019excellence des cursus universitaires<\/h2>\n<p>Le LabEx LipSTIC joue un r\u00f4le moteur dans les formations propos\u00e9es par l\u2019UBFC, non seulement au niveau doctoral mais aussi en licence et au sein du Master \u201cSciences Technologies Sant\u00e9 : Mention Biologie sant\u00e9\u201d. Certains sujets abord\u00e9s dans ces formations sont au c\u0153ur de l\u2019activit\u00e9 de LipSTIC. Les programmes ont \u00e9t\u00e9 d\u00e9finis avec le concours d\u2019enseignants-chercheurs du LabEx et des cours de tr\u00e8s haut niveau ont \u00e9t\u00e9 mis en place, tr\u00e8s bien \u00e9valu\u00e9s par l\u2019AERES (A).Le caract\u00e8re innovant des th\u00e8mes d\u2019int\u00e9r\u00eat de LipSTIC et la qualit\u00e9 des enseignements propos\u00e9s concourent au niveau d\u2019excellence atteint par les Universit\u00e9s de Bourgogne et de Franche-Comt\u00e9. Ces atouts d\u00e9velopperont leur rayonnement national et international en attirant des \u00e9tudiants, des post-doctorants et des scientifiques experts dans nos domaines de pr\u00e9dilection.<\/p>\n<p><a href=\"#sfri\"><strong>LA SFRI<\/strong><\/a> permet de concr\u00e9tiser un projet pluridisciplinaire d\u2019envergure internationale : la cr\u00e9ation de l\u2019institut UBFC Integrate. Adoss\u00e9 \u00e0 la mission doctorale et aux masters UBFC, cet institut ambitionne de d\u00e9ployer des graduate programs (parcours int\u00e9gr\u00e9s de master-doctorat) au sein de trois graduate schools inh\u00e9rentes aux domaines scientifiques phares du programme ISITE-BFC.La graduate school INTHERAPI (INnovative THERApies, Pharmaco-imaging and multimodal Imaging) s\u2019appuie sur <a href=\"#axe3\"><strong>l&#8217;axe 3 &#8220;soins int\u00e9gr\u00e9s et individualis\u00e9s&#8221;<\/strong><\/a><\/p>\n<p><a href=\"#master\"><strong>Le master innovative Drugs<\/strong><\/a> (m\u00e9dicaments Innovants) est un programme de formation de haut niveau dans le domaine des strat\u00e9gies de diagnostic innovantes et des applications th\u00e9rapeutiques. Les \u00e9tudiants inscrits \u00e0 ce master acquerront des comp\u00e9tences doubles en imagerie mol\u00e9culaire et en nanoing\u00e9nierie pharmaceutique. Des concepts fondamentaux sont abord\u00e9s lors de cours magistraux donn\u00e9s tout au long des deux ann\u00e9es du master (M1 et M2). Les aspects avanc\u00e9s de l\u2019imagerie et des technologies pharmaceutiques sont abord\u00e9s en option lors de la deuxi\u00e8me ann\u00e9e (M2) ; les cours sont donn\u00e9s par des professionnels de sant\u00e9 fran\u00e7ais et \u00e9trangers, et par des chercheurs de l\u2019industrie ou de l\u2019universit\u00e9. Certains intervenants font partie du Labex LipSTIC.<\/p>\n\t\t\t\t\t\t<\/div>\n\t\t\t\t<\/div>\n\t\t\t\t\t<\/div>\n\t\t<\/div>\n\t\t\t\t<div class=\"elementor-column elementor-col-50 elementor-top-column elementor-element elementor-element-23e88d09\" data-id=\"23e88d09\" data-element_type=\"column\">\n\t\t\t<div class=\"elementor-widget-wrap elementor-element-populated\">\n\t\t\t\t\t\t\t\t<div class=\"elementor-element elementor-element-66aeba6f elementor-widget elementor-widget-image\" data-id=\"66aeba6f\" data-element_type=\"widget\" data-widget_type=\"image.default\">\n\t\t\t\t<div class=\"elementor-widget-container\">\n\t\t\t\t\t\t\t\t\t\t\t\t\t\t\t<img decoding=\"async\" width=\"300\" height=\"200\" src=\"https:\/\/www.labex-lipstic.fr\/wp-content\/uploads\/2021\/01\/pexels-alena-shekhovtcova-6074949-300x200.jpg\" class=\"attachment-medium size-medium wp-image-1673\" alt=\"\" srcset=\"https:\/\/www.labex-lipstic.fr\/wp-content\/uploads\/2021\/01\/pexels-alena-shekhovtcova-6074949-300x200.jpg 300w, https:\/\/www.labex-lipstic.fr\/wp-content\/uploads\/2021\/01\/pexels-alena-shekhovtcova-6074949-1024x683.jpg 1024w, https:\/\/www.labex-lipstic.fr\/wp-content\/uploads\/2021\/01\/pexels-alena-shekhovtcova-6074949-768x512.jpg 768w, https:\/\/www.labex-lipstic.fr\/wp-content\/uploads\/2021\/01\/pexels-alena-shekhovtcova-6074949-1536x1024.jpg 1536w, https:\/\/www.labex-lipstic.fr\/wp-content\/uploads\/2021\/01\/pexels-alena-shekhovtcova-6074949-2048x1365.jpg 2048w, https:\/\/www.labex-lipstic.fr\/wp-content\/uploads\/2021\/01\/pexels-alena-shekhovtcova-6074949-24x16.jpg 24w, https:\/\/www.labex-lipstic.fr\/wp-content\/uploads\/2021\/01\/pexels-alena-shekhovtcova-6074949-36x24.jpg 36w, https:\/\/www.labex-lipstic.fr\/wp-content\/uploads\/2021\/01\/pexels-alena-shekhovtcova-6074949-48x32.jpg 48w\" sizes=\"(max-width: 300px) 100vw, 300px\" \/>\t\t\t\t\t\t\t\t\t\t\t\t\t\t\t<\/div>\n\t\t\t\t<\/div>\n\t\t\t\t<div class=\"elementor-element elementor-element-6a4a32e2 elementor-widget elementor-widget-image\" data-id=\"6a4a32e2\" data-element_type=\"widget\" data-widget_type=\"image.default\">\n\t\t\t\t<div class=\"elementor-widget-container\">\n\t\t\t\t\t\t\t\t\t\t\t\t\t\t\t<img decoding=\"async\" width=\"300\" height=\"200\" src=\"https:\/\/www.labex-lipstic.fr\/wp-content\/uploads\/2021\/01\/pexels-chokniti-khongchum-2280571-1-300x200.jpg\" class=\"attachment-medium size-medium wp-image-1713\" alt=\"\" srcset=\"https:\/\/www.labex-lipstic.fr\/wp-content\/uploads\/2021\/01\/pexels-chokniti-khongchum-2280571-1-300x200.jpg 300w, https:\/\/www.labex-lipstic.fr\/wp-content\/uploads\/2021\/01\/pexels-chokniti-khongchum-2280571-1-1024x684.jpg 1024w, https:\/\/www.labex-lipstic.fr\/wp-content\/uploads\/2021\/01\/pexels-chokniti-khongchum-2280571-1-768x513.jpg 768w, https:\/\/www.labex-lipstic.fr\/wp-content\/uploads\/2021\/01\/pexels-chokniti-khongchum-2280571-1-1536x1025.jpg 1536w, https:\/\/www.labex-lipstic.fr\/wp-content\/uploads\/2021\/01\/pexels-chokniti-khongchum-2280571-1-2048x1367.jpg 2048w, https:\/\/www.labex-lipstic.fr\/wp-content\/uploads\/2021\/01\/pexels-chokniti-khongchum-2280571-1-24x16.jpg 24w, https:\/\/www.labex-lipstic.fr\/wp-content\/uploads\/2021\/01\/pexels-chokniti-khongchum-2280571-1-36x24.jpg 36w, https:\/\/www.labex-lipstic.fr\/wp-content\/uploads\/2021\/01\/pexels-chokniti-khongchum-2280571-1-48x32.jpg 48w\" sizes=\"(max-width: 300px) 100vw, 300px\" \/>\t\t\t\t\t\t\t\t\t\t\t\t\t\t\t<\/div>\n\t\t\t\t<\/div>\n\t\t\t\t<div class=\"elementor-element elementor-element-7c7382d2 elementor-widget elementor-widget-image\" data-id=\"7c7382d2\" data-element_type=\"widget\" data-widget_type=\"image.default\">\n\t\t\t\t<div class=\"elementor-widget-container\">\n\t\t\t\t\t\t\t\t\t\t\t\t\t\t\t<img decoding=\"async\" width=\"300\" height=\"200\" src=\"https:\/\/www.labex-lipstic.fr\/wp-content\/uploads\/2021\/01\/pexels-edward-jenner-4031867-300x200.jpg\" class=\"attachment-medium size-medium wp-image-1671\" alt=\"\" srcset=\"https:\/\/www.labex-lipstic.fr\/wp-content\/uploads\/2021\/01\/pexels-edward-jenner-4031867-300x200.jpg 300w, https:\/\/www.labex-lipstic.fr\/wp-content\/uploads\/2021\/01\/pexels-edward-jenner-4031867-1024x683.jpg 1024w, https:\/\/www.labex-lipstic.fr\/wp-content\/uploads\/2021\/01\/pexels-edward-jenner-4031867-768x512.jpg 768w, https:\/\/www.labex-lipstic.fr\/wp-content\/uploads\/2021\/01\/pexels-edward-jenner-4031867-1536x1024.jpg 1536w, https:\/\/www.labex-lipstic.fr\/wp-content\/uploads\/2021\/01\/pexels-edward-jenner-4031867-2048x1365.jpg 2048w, https:\/\/www.labex-lipstic.fr\/wp-content\/uploads\/2021\/01\/pexels-edward-jenner-4031867-24x16.jpg 24w, https:\/\/www.labex-lipstic.fr\/wp-content\/uploads\/2021\/01\/pexels-edward-jenner-4031867-36x24.jpg 36w, https:\/\/www.labex-lipstic.fr\/wp-content\/uploads\/2021\/01\/pexels-edward-jenner-4031867-48x32.jpg 48w\" sizes=\"(max-width: 300px) 100vw, 300px\" \/>\t\t\t\t\t\t\t\t\t\t\t\t\t\t\t<\/div>\n\t\t\t\t<\/div>\n\t\t\t\t\t<\/div>\n\t\t<\/div>\n\t\t\t\t\t\t\t<\/div>\n\t\t<\/section>\n\t\t\t\t\t\t\t<\/div>\n\t\t","protected":false},"excerpt":{"rendered":"<p>Garantir l\u2019excellence des cursus universitaires Le LabEx LipSTIC joue un r\u00f4le moteur dans les formations propos\u00e9es par l\u2019UBFC, non seulement au niveau doctoral mais aussi en licence et au sein du Master \u201cSciences Technologies Sant\u00e9 : Mention Biologie sant\u00e9\u201d. Certains sujets abord\u00e9s dans ces formations sont au c\u0153ur de l\u2019activit\u00e9 de LipSTIC. Les programmes ont [&hellip;]<\/p>\n","protected":false},"author":1,"featured_media":0,"parent":1682,"menu_order":0,"comment_status":"closed","ping_status":"closed","template":"","meta":{"footnotes":""},"acf":[],"yoast_head":"<!-- This site is optimized with the Yoast SEO plugin v21.3 - https:\/\/yoast.com\/wordpress\/plugins\/seo\/ -->\n<title>Formation en - Labex Lipstic<\/title>\n<meta name=\"robots\" content=\"index, follow, max-snippet:-1, max-image-preview:large, max-video-preview:-1\" \/>\n<link rel=\"canonical\" href=\"https:\/\/www.labex-lipstic.fr\/en\/presentation\/formation\/\" \/>\n<meta property=\"og:locale\" content=\"en_US\" \/>\n<meta property=\"og:type\" content=\"article\" \/>\n<meta property=\"og:title\" content=\"Formation en - Labex Lipstic\" \/>\n<meta property=\"og:description\" content=\"Garantir l\u2019excellence des cursus universitaires Le LabEx LipSTIC joue un r\u00f4le moteur dans les formations propos\u00e9es par l\u2019UBFC, non seulement au niveau doctoral mais aussi en licence et au sein du Master \u201cSciences Technologies Sant\u00e9 : Mention Biologie sant\u00e9\u201d. Certains sujets abord\u00e9s dans ces formations sont au c\u0153ur de l\u2019activit\u00e9 de LipSTIC. Les programmes ont [&hellip;]\" \/>\n<meta property=\"og:url\" content=\"https:\/\/www.labex-lipstic.fr\/en\/presentation\/formation\/\" \/>\n<meta property=\"og:site_name\" content=\"Labex Lipstic\" \/>\n<meta property=\"article:modified_time\" content=\"2022-07-22T15:21:25+00:00\" \/>\n<meta property=\"og:image\" content=\"https:\/\/www.labex-lipstic.fr\/wp-content\/uploads\/2021\/01\/pexels-alena-shekhovtcova-6074949-300x200.jpg\" \/>\n<meta name=\"twitter:card\" content=\"summary_large_image\" \/>\n<meta name=\"twitter:label1\" content=\"Est. reading time\" \/>\n\t<meta name=\"twitter:data1\" content=\"2 minutes\" \/>\n<script type=\"application\/ld+json\" class=\"yoast-schema-graph\">{\"@context\":\"https:\/\/schema.org\",\"@graph\":[{\"@type\":\"WebPage\",\"@id\":\"https:\/\/www.labex-lipstic.fr\/en\/presentation\/formation\/\",\"url\":\"https:\/\/www.labex-lipstic.fr\/en\/presentation\/formation\/\",\"name\":\"Formation en - Labex Lipstic\",\"isPartOf\":{\"@id\":\"https:\/\/www.labex-lipstic.fr\/en\/#website\"},\"datePublished\":\"2021-03-03T09:49:48+00:00\",\"dateModified\":\"2022-07-22T15:21:25+00:00\",\"breadcrumb\":{\"@id\":\"https:\/\/www.labex-lipstic.fr\/en\/presentation\/formation\/#breadcrumb\"},\"inLanguage\":\"en-US\",\"potentialAction\":[{\"@type\":\"ReadAction\",\"target\":[\"https:\/\/www.labex-lipstic.fr\/en\/presentation\/formation\/\"]}]},{\"@type\":\"BreadcrumbList\",\"@id\":\"https:\/\/www.labex-lipstic.fr\/en\/presentation\/formation\/#breadcrumb\",\"itemListElement\":[{\"@type\":\"ListItem\",\"position\":1,\"name\":\"Accueil\",\"item\":\"https:\/\/www.labex-lipstic.fr\/en\/\"},{\"@type\":\"ListItem\",\"position\":2,\"name\":\"Presentation\",\"item\":\"https:\/\/www.labex-lipstic.fr\/en\/presentation\/\"},{\"@type\":\"ListItem\",\"position\":3,\"name\":\"Formation en\"}]},{\"@type\":\"WebSite\",\"@id\":\"https:\/\/www.labex-lipstic.fr\/en\/#website\",\"url\":\"https:\/\/www.labex-lipstic.fr\/en\/\",\"name\":\"Labex Lipstic\",\"description\":\"Site de Labex Lipstic\",\"potentialAction\":[{\"@type\":\"SearchAction\",\"target\":{\"@type\":\"EntryPoint\",\"urlTemplate\":\"https:\/\/www.labex-lipstic.fr\/en\/?s={search_term_string}\"},\"query-input\":\"required name=search_term_string\"}],\"inLanguage\":\"en-US\"}]}<\/script>\n<!-- \/ Yoast SEO plugin. -->","yoast_head_json":{"title":"Formation en - Labex Lipstic","robots":{"index":"index","follow":"follow","max-snippet":"max-snippet:-1","max-image-preview":"max-image-preview:large","max-video-preview":"max-video-preview:-1"},"canonical":"https:\/\/www.labex-lipstic.fr\/en\/presentation\/formation\/","og_locale":"en_US","og_type":"article","og_title":"Formation en - Labex Lipstic","og_description":"Garantir l\u2019excellence des cursus universitaires Le LabEx LipSTIC joue un r\u00f4le moteur dans les formations propos\u00e9es par l\u2019UBFC, non seulement au niveau doctoral mais aussi en licence et au sein du Master \u201cSciences Technologies Sant\u00e9 : Mention Biologie sant\u00e9\u201d. Certains sujets abord\u00e9s dans ces formations sont au c\u0153ur de l\u2019activit\u00e9 de LipSTIC. Les programmes ont [&hellip;]","og_url":"https:\/\/www.labex-lipstic.fr\/en\/presentation\/formation\/","og_site_name":"Labex Lipstic","article_modified_time":"2022-07-22T15:21:25+00:00","og_image":[{"url":"https:\/\/www.labex-lipstic.fr\/wp-content\/uploads\/2021\/01\/pexels-alena-shekhovtcova-6074949-300x200.jpg"}],"twitter_card":"summary_large_image","twitter_misc":{"Est. reading time":"2 minutes"},"schema":{"@context":"https:\/\/schema.org","@graph":[{"@type":"WebPage","@id":"https:\/\/www.labex-lipstic.fr\/en\/presentation\/formation\/","url":"https:\/\/www.labex-lipstic.fr\/en\/presentation\/formation\/","name":"Formation en - Labex Lipstic","isPartOf":{"@id":"https:\/\/www.labex-lipstic.fr\/en\/#website"},"datePublished":"2021-03-03T09:49:48+00:00","dateModified":"2022-07-22T15:21:25+00:00","breadcrumb":{"@id":"https:\/\/www.labex-lipstic.fr\/en\/presentation\/formation\/#breadcrumb"},"inLanguage":"en-US","potentialAction":[{"@type":"ReadAction","target":["https:\/\/www.labex-lipstic.fr\/en\/presentation\/formation\/"]}]},{"@type":"BreadcrumbList","@id":"https:\/\/www.labex-lipstic.fr\/en\/presentation\/formation\/#breadcrumb","itemListElement":[{"@type":"ListItem","position":1,"name":"Accueil","item":"https:\/\/www.labex-lipstic.fr\/en\/"},{"@type":"ListItem","position":2,"name":"Presentation","item":"https:\/\/www.labex-lipstic.fr\/en\/presentation\/"},{"@type":"ListItem","position":3,"name":"Formation en"}]},{"@type":"WebSite","@id":"https:\/\/www.labex-lipstic.fr\/en\/#website","url":"https:\/\/www.labex-lipstic.fr\/en\/","name":"Labex Lipstic","description":"Site de Labex Lipstic","potentialAction":[{"@type":"SearchAction","target":{"@type":"EntryPoint","urlTemplate":"https:\/\/www.labex-lipstic.fr\/en\/?s={search_term_string}"},"query-input":"required name=search_term_string"}],"inLanguage":"en-US"}]}},"_links":{"self":[{"href":"https:\/\/www.labex-lipstic.fr\/en\/wp-json\/wp\/v2\/pages\/1685"}],"collection":[{"href":"https:\/\/www.labex-lipstic.fr\/en\/wp-json\/wp\/v2\/pages"}],"about":[{"href":"https:\/\/www.labex-lipstic.fr\/en\/wp-json\/wp\/v2\/types\/page"}],"author":[{"embeddable":true,"href":"https:\/\/www.labex-lipstic.fr\/en\/wp-json\/wp\/v2\/users\/1"}],"replies":[{"embeddable":true,"href":"https:\/\/www.labex-lipstic.fr\/en\/wp-json\/wp\/v2\/comments?post=1685"}],"version-history":[{"count":3,"href":"https:\/\/www.labex-lipstic.fr\/en\/wp-json\/wp\/v2\/pages\/1685\/revisions"}],"predecessor-version":[{"id":3679,"href":"https:\/\/www.labex-lipstic.fr\/en\/wp-json\/wp\/v2\/pages\/1685\/revisions\/3679"}],"up":[{"embeddable":true,"href":"https:\/\/www.labex-lipstic.fr\/en\/wp-json\/wp\/v2\/pages\/1682"}],"wp:attachment":[{"href":"https:\/\/www.labex-lipstic.fr\/en\/wp-json\/wp\/v2\/media?parent=1685"}],"curies":[{"name":"wp","href":"https:\/\/api.w.org\/{rel}","templated":true}]}}