{"id":1792,"date":"2021-03-03T14:55:13","date_gmt":"2021-03-03T13:55:13","guid":{"rendered":"https:\/\/www.labex-lipstic.fr\/1792-2\/"},"modified":"2022-08-26T11:49:06","modified_gmt":"2022-08-26T09:49:06","slug":"1792-2","status":"publish","type":"page","link":"https:\/\/www.labex-lipstic.fr\/en\/","title":{"rendered":"<front>"},"content":{"rendered":"\t\t<div data-elementor-type=\"wp-page\" data-elementor-id=\"1792\" class=\"elementor elementor-1792 elementor-1764\" data-elementor-post-type=\"page\">\n\t\t\t\t\t\t\t\t\t<section class=\"elementor-section elementor-top-section elementor-element elementor-element-5392d51 elementor-section-full_width elementor-section-height-default elementor-section-height-default\" data-id=\"5392d51\" data-element_type=\"section\">\n\t\t\t\t\t\t<div class=\"elementor-container elementor-column-gap-default\">\n\t\t\t\t\t<div class=\"elementor-column elementor-col-100 elementor-top-column elementor-element elementor-element-9b052e2\" data-id=\"9b052e2\" data-element_type=\"column\">\n\t\t\t<div class=\"elementor-widget-wrap elementor-element-populated\">\n\t\t\t\t\t\t\t\t<div class=\"elementor-element elementor-element-f5431cc actu-1 elementor-widget elementor-widget-obfx-posts-grid\" data-id=\"f5431cc\" data-element_type=\"widget\" data-widget_type=\"obfx-posts-grid.default\">\n\t\t\t\t<div class=\"elementor-widget-container\">\n\t\t\t<div class=\"obfx-grid\"><div class=\"obfx-grid-container obfx-grid-desktop-1\"><div class=\"obfx-grid-wrapper\"><article class=\"obfx-grid-col\">\t\t\t\t\t<div class=\"obfx-grid-col-image\">\n\t\t\t\t\t\t<a href=\"https:\/\/www.labex-lipstic.fr\/en\/journees-scientifiques-labex-lipstic-1er-et-2-juin-2023-de-la-lipidomique-aux-therapies-ciblees-progres-et-perspectives-dans-les-sciences-biomedicales\/\" title=\"Journ\u00e9es Scientifiques LabEx LipSTIC 1er et 2 juin 2023 : De la Lipidomique aux Th\u00e9rapies Cibl\u00e9es : Progr\u00e8s et Perspectives dans les Sciences Biom\u00e9dicales\">\n\t\t\t\t\t\t\t<img width=\"512\" height=\"512\" src=\"https:\/\/www.labex-lipstic.fr\/wp-content\/uploads\/2022\/03\/cropped-favicon.png\" class=\"img-responsive wp-post-image\" alt=\"cropped-favicon.png\" decoding=\"async\" srcset=\"https:\/\/www.labex-lipstic.fr\/wp-content\/uploads\/2022\/03\/cropped-favicon.png 512w, https:\/\/www.labex-lipstic.fr\/wp-content\/uploads\/2022\/03\/cropped-favicon-300x300.png 300w, https:\/\/www.labex-lipstic.fr\/wp-content\/uploads\/2022\/03\/cropped-favicon-150x150.png 150w, https:\/\/www.labex-lipstic.fr\/wp-content\/uploads\/2022\/03\/cropped-favicon-24x24.png 24w, https:\/\/www.labex-lipstic.fr\/wp-content\/uploads\/2022\/03\/cropped-favicon-36x36.png 36w, https:\/\/www.labex-lipstic.fr\/wp-content\/uploads\/2022\/03\/cropped-favicon-48x48.png 48w, https:\/\/www.labex-lipstic.fr\/wp-content\/uploads\/2022\/03\/cropped-favicon-270x270.png 270w, https:\/\/www.labex-lipstic.fr\/wp-content\/uploads\/2022\/03\/cropped-favicon-192x192.png 192w, https:\/\/www.labex-lipstic.fr\/wp-content\/uploads\/2022\/03\/cropped-favicon-180x180.png 180w, https:\/\/www.labex-lipstic.fr\/wp-content\/uploads\/2022\/03\/cropped-favicon-32x32.png 32w\" sizes=\"(max-width: 512px) 100vw, 512px\" \/>\t\t\t\t\t\t<\/a>\n\t\t\t\t\t<\/div>\n\t\t\t\t<div class=\"obfx-grid-col-content\">\t\t\t<h2 class=\"entry-title obfx-grid-title\">\n\t\t\t\t\t\t\t<a href=\"https:\/\/www.labex-lipstic.fr\/en\/journees-scientifiques-labex-lipstic-1er-et-2-juin-2023-de-la-lipidomique-aux-therapies-ciblees-progres-et-perspectives-dans-les-sciences-biomedicales\/\" title=\"Journ\u00e9es Scientifiques LabEx LipSTIC 1er et 2 juin 2023 : De la Lipidomique aux Th\u00e9rapies Cibl\u00e9es : Progr\u00e8s et Perspectives dans les Sciences Biom\u00e9dicales\">\n\t\t\t\t\tJourn\u00e9es Scientifiques LabEx LipSTIC 1er et 2 juin 2023 : De la Lipidomique aux Th\u00e9rapies Cibl\u00e9es : Progr\u00e8s et Perspectives dans les Sciences Biom\u00e9dicales\t\t\t\t<\/a>\n\t\t\t\t\t\t\t<\/h2>\n\t\t\t<\/div><!-- .obfx-grid-col-content --><\/article><\/div><div class=\"obfx-grid-wrapper\"><article class=\"obfx-grid-col\">\t\t\t\t\t<div class=\"obfx-grid-col-image\">\n\t\t\t\t\t\t<a href=\"https:\/\/www.labex-lipstic.fr\/en\/the-lnc-umr1231-ctm-is-the-laureate-of-the-anr-labcom-project-call-aap-anr-2022\/\" title=\"THE LNC UMR1231 (CTM) IS THE LAUREATE OF THE ANR LABCOM PROJECT CALL AAP ANR 2022\">\n\t\t\t\t\t\t\t<img width=\"1260\" height=\"605\" src=\"https:\/\/www.labex-lipstic.fr\/wp-content\/uploads\/2022\/08\/Logo_Labcom_IAM-IT2-court.png\" class=\"img-responsive wp-post-image\" alt=\"Logo_Labcom_IAM-IT2 court\" decoding=\"async\" srcset=\"https:\/\/www.labex-lipstic.fr\/wp-content\/uploads\/2022\/08\/Logo_Labcom_IAM-IT2-court.png 1260w, https:\/\/www.labex-lipstic.fr\/wp-content\/uploads\/2022\/08\/Logo_Labcom_IAM-IT2-court-300x144.png 300w, https:\/\/www.labex-lipstic.fr\/wp-content\/uploads\/2022\/08\/Logo_Labcom_IAM-IT2-court-1024x492.png 1024w, https:\/\/www.labex-lipstic.fr\/wp-content\/uploads\/2022\/08\/Logo_Labcom_IAM-IT2-court-768x369.png 768w, https:\/\/www.labex-lipstic.fr\/wp-content\/uploads\/2022\/08\/Logo_Labcom_IAM-IT2-court-24x12.png 24w, https:\/\/www.labex-lipstic.fr\/wp-content\/uploads\/2022\/08\/Logo_Labcom_IAM-IT2-court-36x17.png 36w, https:\/\/www.labex-lipstic.fr\/wp-content\/uploads\/2022\/08\/Logo_Labcom_IAM-IT2-court-48x23.png 48w\" sizes=\"(max-width: 1260px) 100vw, 1260px\" \/>\t\t\t\t\t\t<\/a>\n\t\t\t\t\t<\/div>\n\t\t\t\t<div class=\"obfx-grid-col-content\">\t\t\t<h2 class=\"entry-title obfx-grid-title\">\n\t\t\t\t\t\t\t<a href=\"https:\/\/www.labex-lipstic.fr\/en\/the-lnc-umr1231-ctm-is-the-laureate-of-the-anr-labcom-project-call-aap-anr-2022\/\" title=\"THE LNC UMR1231 (CTM) IS THE LAUREATE OF THE ANR LABCOM PROJECT CALL AAP ANR 2022\">\n\t\t\t\t\tTHE LNC UMR1231 (CTM) IS THE LAUREATE OF THE ANR LABCOM PROJECT CALL AAP ANR 2022\t\t\t\t<\/a>\n\t\t\t\t\t\t\t<\/h2>\n\t\t\t<\/div><!-- .obfx-grid-col-content --><\/article><\/div><div class=\"obfx-grid-wrapper\"><article class=\"obfx-grid-col\">\t\t\t\t\t<div class=\"obfx-grid-col-image\">\n\t\t\t\t\t\t<a href=\"https:\/\/www.labex-lipstic.fr\/en\/carmen-garrido-remporte-le-grand-prix-de-la-recherche-ruban-rose-2021\/\" title=\"Carmen Garrido remporte le Grand Prix de la Recherche Ruban Rose 2021-EN\">\n\t\t\t\t\t\t\t<img width=\"2048\" height=\"1365\" src=\"https:\/\/www.labex-lipstic.fr\/wp-content\/uploads\/2021\/01\/CarmenGarrido-actu.jpg\" class=\"img-responsive wp-post-image\" alt=\"CarmenGarrido-actu\" decoding=\"async\" srcset=\"https:\/\/www.labex-lipstic.fr\/wp-content\/uploads\/2021\/01\/CarmenGarrido-actu.jpg 2048w, https:\/\/www.labex-lipstic.fr\/wp-content\/uploads\/2021\/01\/CarmenGarrido-actu-300x200.jpg 300w, https:\/\/www.labex-lipstic.fr\/wp-content\/uploads\/2021\/01\/CarmenGarrido-actu-1024x683.jpg 1024w, https:\/\/www.labex-lipstic.fr\/wp-content\/uploads\/2021\/01\/CarmenGarrido-actu-768x512.jpg 768w, https:\/\/www.labex-lipstic.fr\/wp-content\/uploads\/2021\/01\/CarmenGarrido-actu-1536x1024.jpg 1536w, https:\/\/www.labex-lipstic.fr\/wp-content\/uploads\/2021\/01\/CarmenGarrido-actu-24x16.jpg 24w, https:\/\/www.labex-lipstic.fr\/wp-content\/uploads\/2021\/01\/CarmenGarrido-actu-36x24.jpg 36w, https:\/\/www.labex-lipstic.fr\/wp-content\/uploads\/2021\/01\/CarmenGarrido-actu-48x32.jpg 48w\" sizes=\"(max-width: 2048px) 100vw, 2048px\" \/>\t\t\t\t\t\t<\/a>\n\t\t\t\t\t<\/div>\n\t\t\t\t<div class=\"obfx-grid-col-content\">\t\t\t<h2 class=\"entry-title obfx-grid-title\">\n\t\t\t\t\t\t\t<a href=\"https:\/\/www.labex-lipstic.fr\/en\/carmen-garrido-remporte-le-grand-prix-de-la-recherche-ruban-rose-2021\/\" title=\"Carmen Garrido remporte le Grand Prix de la Recherche Ruban Rose 2021-EN\">\n\t\t\t\t\tCarmen Garrido remporte le Grand Prix de la Recherche Ruban Rose 2021-EN\t\t\t\t<\/a>\n\t\t\t\t\t\t\t<\/h2>\n\t\t\t<\/div><!-- .obfx-grid-col-content --><\/article><\/div><\/div><!-- .obfx-grid-container --><\/div><!-- .obfx-grid -->\t\t<\/div>\n\t\t\t\t<\/div>\n\t\t\t\t\t<\/div>\n\t\t<\/div>\n\t\t\t\t\t\t\t<\/div>\n\t\t<\/section>\n\t\t\t\t\t\t\t<\/div>\n\t\t","protected":false},"excerpt":{"rendered":"<p>Refonte du site internet Avanc\u00e9e des recherches Actualit\u00e9 nouvelle! Une nouvelle cible pour le diagnostic et le traitement du sepsis et du choc septique Covid-19 et coronavirus : un nouvel \u00e9clairage \u00e0 la lumi\u00e8re des UV<\/p>\n","protected":false},"author":1,"featured_media":0,"parent":0,"menu_order":0,"comment_status":"closed","ping_status":"closed","template":"accueil.php","meta":{"footnotes":""},"acf":[],"yoast_head":"<!-- This site is optimized with the Yoast SEO plugin v21.3 - https:\/\/yoast.com\/wordpress\/plugins\/seo\/ -->\n<title>- Labex Lipstic<\/title>\n<meta name=\"robots\" content=\"index, follow, max-snippet:-1, max-image-preview:large, max-video-preview:-1\" \/>\n<link rel=\"canonical\" href=\"https:\/\/www.labex-lipstic.fr\/en\/\" \/>\n<meta property=\"og:locale\" content=\"en_US\" \/>\n<meta property=\"og:type\" content=\"article\" \/>\n<meta property=\"og:title\" content=\"- Labex Lipstic\" \/>\n<meta property=\"og:description\" content=\"Refonte du site internet Avanc\u00e9e des recherches Actualit\u00e9 nouvelle! Une nouvelle cible pour le diagnostic et le traitement du sepsis et du choc septique Covid-19 et coronavirus : un nouvel \u00e9clairage \u00e0 la lumi\u00e8re des UV\" \/>\n<meta property=\"og:url\" content=\"https:\/\/www.labex-lipstic.fr\/en\/\" \/>\n<meta property=\"og:site_name\" content=\"Labex Lipstic\" \/>\n<meta property=\"article:modified_time\" content=\"2022-08-26T09:49:06+00:00\" \/>\n<meta property=\"og:image\" content=\"https:\/\/www.labex-lipstic.fr\/wp-content\/uploads\/2021\/01\/pexels-chokniti-khongchum-2280571-scaled.jpg\" \/>\n<meta name=\"twitter:card\" content=\"summary_large_image\" \/>\n<meta name=\"twitter:label1\" content=\"Est. reading time\" \/>\n\t<meta name=\"twitter:data1\" content=\"3 minutes\" \/>\n<script type=\"application\/ld+json\" class=\"yoast-schema-graph\">{\"@context\":\"https:\/\/schema.org\",\"@graph\":[{\"@type\":\"WebPage\",\"@id\":\"https:\/\/www.labex-lipstic.fr\/en\/\",\"url\":\"https:\/\/www.labex-lipstic.fr\/en\/\",\"name\":\"- Labex Lipstic\",\"isPartOf\":{\"@id\":\"https:\/\/www.labex-lipstic.fr\/en\/#website\"},\"datePublished\":\"2021-03-03T13:55:13+00:00\",\"dateModified\":\"2022-08-26T09:49:06+00:00\",\"inLanguage\":\"en-US\",\"potentialAction\":[{\"@type\":\"ReadAction\",\"target\":[\"https:\/\/www.labex-lipstic.fr\/en\/\"]}]},{\"@type\":\"WebSite\",\"@id\":\"https:\/\/www.labex-lipstic.fr\/en\/#website\",\"url\":\"https:\/\/www.labex-lipstic.fr\/en\/\",\"name\":\"Labex Lipstic\",\"description\":\"Site de Labex Lipstic\",\"potentialAction\":[{\"@type\":\"SearchAction\",\"target\":{\"@type\":\"EntryPoint\",\"urlTemplate\":\"https:\/\/www.labex-lipstic.fr\/en\/?s={search_term_string}\"},\"query-input\":\"required name=search_term_string\"}],\"inLanguage\":\"en-US\"}]}<\/script>\n<!-- \/ Yoast SEO plugin. -->","yoast_head_json":{"title":"- Labex Lipstic","robots":{"index":"index","follow":"follow","max-snippet":"max-snippet:-1","max-image-preview":"max-image-preview:large","max-video-preview":"max-video-preview:-1"},"canonical":"https:\/\/www.labex-lipstic.fr\/en\/","og_locale":"en_US","og_type":"article","og_title":"- Labex Lipstic","og_description":"Refonte du site internet Avanc\u00e9e des recherches Actualit\u00e9 nouvelle! Une nouvelle cible pour le diagnostic et le traitement du sepsis et du choc septique Covid-19 et coronavirus : un nouvel \u00e9clairage \u00e0 la lumi\u00e8re des UV","og_url":"https:\/\/www.labex-lipstic.fr\/en\/","og_site_name":"Labex Lipstic","article_modified_time":"2022-08-26T09:49:06+00:00","og_image":[{"url":"https:\/\/www.labex-lipstic.fr\/wp-content\/uploads\/2021\/01\/pexels-chokniti-khongchum-2280571-scaled.jpg"}],"twitter_card":"summary_large_image","twitter_misc":{"Est. reading time":"3 minutes"},"schema":{"@context":"https:\/\/schema.org","@graph":[{"@type":"WebPage","@id":"https:\/\/www.labex-lipstic.fr\/en\/","url":"https:\/\/www.labex-lipstic.fr\/en\/","name":"- Labex Lipstic","isPartOf":{"@id":"https:\/\/www.labex-lipstic.fr\/en\/#website"},"datePublished":"2021-03-03T13:55:13+00:00","dateModified":"2022-08-26T09:49:06+00:00","inLanguage":"en-US","potentialAction":[{"@type":"ReadAction","target":["https:\/\/www.labex-lipstic.fr\/en\/"]}]},{"@type":"WebSite","@id":"https:\/\/www.labex-lipstic.fr\/en\/#website","url":"https:\/\/www.labex-lipstic.fr\/en\/","name":"Labex Lipstic","description":"Site de Labex Lipstic","potentialAction":[{"@type":"SearchAction","target":{"@type":"EntryPoint","urlTemplate":"https:\/\/www.labex-lipstic.fr\/en\/?s={search_term_string}"},"query-input":"required name=search_term_string"}],"inLanguage":"en-US"}]}},"_links":{"self":[{"href":"https:\/\/www.labex-lipstic.fr\/en\/wp-json\/wp\/v2\/pages\/1792"}],"collection":[{"href":"https:\/\/www.labex-lipstic.fr\/en\/wp-json\/wp\/v2\/pages"}],"about":[{"href":"https:\/\/www.labex-lipstic.fr\/en\/wp-json\/wp\/v2\/types\/page"}],"author":[{"embeddable":true,"href":"https:\/\/www.labex-lipstic.fr\/en\/wp-json\/wp\/v2\/users\/1"}],"replies":[{"embeddable":true,"href":"https:\/\/www.labex-lipstic.fr\/en\/wp-json\/wp\/v2\/comments?post=1792"}],"version-history":[{"count":21,"href":"https:\/\/www.labex-lipstic.fr\/en\/wp-json\/wp\/v2\/pages\/1792\/revisions"}],"predecessor-version":[{"id":3704,"href":"https:\/\/www.labex-lipstic.fr\/en\/wp-json\/wp\/v2\/pages\/1792\/revisions\/3704"}],"wp:attachment":[{"href":"https:\/\/www.labex-lipstic.fr\/en\/wp-json\/wp\/v2\/media?parent=1792"}],"curies":[{"name":"wp","href":"https:\/\/api.w.org\/{rel}","templated":true}]}}