{"id":3732,"date":"2022-08-26T15:05:27","date_gmt":"2022-08-26T13:05:27","guid":{"rendered":"https:\/\/www.labex-lipstic.fr\/?page_id=3732"},"modified":"2022-08-26T15:05:27","modified_gmt":"2022-08-26T13:05:27","slug":"3732-2","status":"publish","type":"page","link":"https:\/\/www.labex-lipstic.fr\/en\/3732-2\/","title":{"rendered":""},"content":{"rendered":"\t\t<div data-elementor-type=\"wp-page\" data-elementor-id=\"3732\" class=\"elementor elementor-3732 elementor-1187\" data-elementor-post-type=\"page\">\n\t\t\t\t\t\t\t\t\t<section class=\"elementor-section elementor-top-section elementor-element elementor-element-680ca90a elementor-section-full_width elementor-section-height-default elementor-section-height-default\" data-id=\"680ca90a\" data-element_type=\"section\">\n\t\t\t\t\t\t<div class=\"elementor-container elementor-column-gap-default\">\n\t\t\t\t\t<div class=\"elementor-column elementor-col-50 elementor-top-column elementor-element elementor-element-b9b99f col-md-9\" data-id=\"b9b99f\" data-element_type=\"column\">\n\t\t\t<div class=\"elementor-widget-wrap elementor-element-populated\">\n\t\t\t\t\t\t\t\t<div class=\"elementor-element elementor-element-901c987 elementor-widget elementor-widget-heading\" data-id=\"901c987\" data-element_type=\"widget\" data-widget_type=\"heading.default\">\n\t\t\t\t<div class=\"elementor-widget-container\">\n\t\t\t<h2 class=\"elementor-heading-title elementor-size-default\">Des nanoparticules naturelles au coeur de l\u2019activit\u00e9 de LipSTIC<\/h2>\t\t<\/div>\n\t\t\t\t<\/div>\n\t\t\t\t<section class=\"elementor-section elementor-inner-section elementor-element elementor-element-52be91c8 elementor-section-boxed elementor-section-height-default elementor-section-height-default\" data-id=\"52be91c8\" data-element_type=\"section\">\n\t\t\t\t\t\t<div class=\"elementor-container elementor-column-gap-default\">\n\t\t\t\t\t<div class=\"elementor-column elementor-col-50 elementor-inner-column elementor-element elementor-element-5ecd6d0f\" data-id=\"5ecd6d0f\" data-element_type=\"column\">\n\t\t\t<div class=\"elementor-widget-wrap elementor-element-populated\">\n\t\t\t\t\t\t\t\t<div class=\"elementor-element elementor-element-78ba4a16 elementor-widget elementor-widget-image\" data-id=\"78ba4a16\" data-element_type=\"widget\" data-widget_type=\"image.default\">\n\t\t\t\t<div class=\"elementor-widget-container\">\n\t\t\t\t\t\t\t\t\t\t\t\t\t\t\t<img decoding=\"async\" width=\"640\" height=\"625\" src=\"https:\/\/www.labex-lipstic.fr\/wp-content\/uploads\/2021\/09\/Lipoproteine_LipSTIC.jpg\" class=\"attachment-large size-large wp-image-2127\" alt=\"Lipoproteine LipSTIC\" srcset=\"https:\/\/www.labex-lipstic.fr\/wp-content\/uploads\/2021\/09\/Lipoproteine_LipSTIC.jpg 877w, https:\/\/www.labex-lipstic.fr\/wp-content\/uploads\/2021\/09\/Lipoproteine_LipSTIC-300x293.jpg 300w, https:\/\/www.labex-lipstic.fr\/wp-content\/uploads\/2021\/09\/Lipoproteine_LipSTIC-768x750.jpg 768w, https:\/\/www.labex-lipstic.fr\/wp-content\/uploads\/2021\/09\/Lipoproteine_LipSTIC-24x24.jpg 24w, https:\/\/www.labex-lipstic.fr\/wp-content\/uploads\/2021\/09\/Lipoproteine_LipSTIC-36x36.jpg 36w, https:\/\/www.labex-lipstic.fr\/wp-content\/uploads\/2021\/09\/Lipoproteine_LipSTIC-48x48.jpg 48w\" sizes=\"(max-width: 640px) 100vw, 640px\" \/>\t\t\t\t\t\t\t\t\t\t\t\t\t\t\t<\/div>\n\t\t\t\t<\/div>\n\t\t\t\t\t<\/div>\n\t\t<\/div>\n\t\t\t\t<div class=\"elementor-column elementor-col-50 elementor-inner-column elementor-element elementor-element-798301a1\" data-id=\"798301a1\" data-element_type=\"column\">\n\t\t\t<div class=\"elementor-widget-wrap elementor-element-populated\">\n\t\t\t\t\t\t\t\t<div class=\"elementor-element elementor-element-17118400 elementor-widget elementor-widget-text-editor\" data-id=\"17118400\" data-element_type=\"widget\" data-widget_type=\"text-editor.default\">\n\t\t\t\t<div class=\"elementor-widget-container\">\n\t\t\t\t\t\t\t<p>Depuis les ann\u00e9es 1950, le transport du cholest\u00e9rol par les lipoprot\u00e9ines a focalis\u00e9 l\u2019attention des chercheurs sur la sph\u00e8re cardio-vasculaire. Les LDL ont \u00e9t\u00e9 identifi\u00e9es comme un facteur de risque majeur alors que le r\u00f4le \u201cprotecteur\u201d des HDL a \u00e9t\u00e9 mis en \u00e9vidence par de nombreux travaux \u00e9pid\u00e9miologiques. La d\u00e9couverte de tels liens entre les lipoprot\u00e9ines et d\u2019autres pathologies est plus r\u00e9cente : les LDL et les HDL sont \u00e9galement des facteurs pronostiques lors des cancers et de certaines maladies inflammatoires ou infectieuses.<\/p><p>Le programme LipSTIC s\u2019int\u00e9resse aux lipoprot\u00e9ines en tant que facteurs de risque et aussi en tant que vecteurs de mol\u00e9cules diverses. Elles transportent dans tout l\u2019organisme des composants naturels impliqu\u00e9s dans la lutte contre le cancer et l\u2019inflammation, comme des vitamines et des acides gras : gr\u00e2ce \u00e0 leur liaison aux lipoprot\u00e9ines, ces mol\u00e9cules peuvent passer certaines barri\u00e8res anatomiques et atteindre par exemple l\u2019oeil et le cerveau.<\/p><p>Elles transportent \u00e9galement des m\u00e9dicaments jusqu\u2019aux organes-cibles, ce qui permet de proposer des traitements plus efficaces, de r\u00e9duire les doses th\u00e9rapeutiques et les effets ind\u00e9sirables des chimioth\u00e9rapies. Enfin, les lipoprot\u00e9ines sont \u00e9galement capables de favoriser l\u2019\u00e9limination de toxines bact\u00e9riennes en les acheminant vers le foie, lieu de la d\u00e9toxification.<\/p>\t\t\t\t\t\t<\/div>\n\t\t\t\t<\/div>\n\t\t\t\t\t<\/div>\n\t\t<\/div>\n\t\t\t\t\t\t\t<\/div>\n\t\t<\/section>\n\t\t\t\t<section class=\"elementor-section elementor-inner-section elementor-element elementor-element-4cc100d video elementor-section-boxed elementor-section-height-default elementor-section-height-default\" data-id=\"4cc100d\" data-element_type=\"section\">\n\t\t\t\t\t\t<div class=\"elementor-container elementor-column-gap-default\">\n\t\t\t\t\t<div class=\"elementor-column elementor-col-50 elementor-inner-column elementor-element elementor-element-fe932d6\" data-id=\"fe932d6\" data-element_type=\"column\">\n\t\t\t<div class=\"elementor-widget-wrap\">\n\t\t\t\t\t\t\t\t\t<\/div>\n\t\t<\/div>\n\t\t\t\t<div class=\"elementor-column elementor-col-50 elementor-inner-column elementor-element elementor-element-2da5235\" data-id=\"2da5235\" data-element_type=\"column\">\n\t\t\t<div class=\"elementor-widget-wrap elementor-element-populated\">\n\t\t\t\t\t\t\t\t<div class=\"elementor-element elementor-element-51024bc elementor-widget elementor-widget-video\" data-id=\"51024bc\" data-element_type=\"widget\" data-settings=\"{&quot;video_type&quot;:&quot;dailymotion&quot;,&quot;controls&quot;:&quot;yes&quot;}\" data-widget_type=\"video.default\">\n\t\t\t\t<div class=\"elementor-widget-container\">\n\t\t\t\t\t<div class=\"elementor-wrapper elementor-open-inline\">\n\t\t\t<iframe class=\"elementor-video-iframe\" allowfullscreen title=\"dailymotion Video Player\" src=\"https:\/\/dailymotion.com\/embed\/video\/x1xjsn1?ui-highlight&amp;start&amp;endscreen-enable=0&amp;controls=1&amp;mute=0&amp;ui-start-screen-info=0&amp;ui-logo=0\"><\/iframe>\t\t<\/div>\n\t\t\t\t<\/div>\n\t\t\t\t<\/div>\n\t\t\t\t<div class=\"elementor-element elementor-element-15fd305 elementor-widget elementor-widget-text-editor\" data-id=\"15fd305\" data-element_type=\"widget\" data-widget_type=\"text-editor.default\">\n\t\t\t\t<div class=\"elementor-widget-container\">\n\t\t\t\t\t\t\t<p>LABEX LIPSTIC : PROGRAMME DE RECHERCHE NOVATEUR CONTRE LE CANCER \u2013 05:14<\/p>\t\t\t\t\t\t<\/div>\n\t\t\t\t<\/div>\n\t\t\t\t\t<\/div>\n\t\t<\/div>\n\t\t\t\t\t\t\t<\/div>\n\t\t<\/section>\n\t\t\t\t<section class=\"elementor-section elementor-inner-section elementor-element elementor-element-7a629a9 elementor-section-boxed elementor-section-height-default elementor-section-height-default\" data-id=\"7a629a9\" data-element_type=\"section\">\n\t\t\t\t\t\t<div class=\"elementor-container elementor-column-gap-default\">\n\t\t\t\t\t<div class=\"elementor-column elementor-col-50 elementor-inner-column elementor-element elementor-element-7c09ee2\" data-id=\"7c09ee2\" data-element_type=\"column\">\n\t\t\t<div class=\"elementor-widget-wrap\">\n\t\t\t\t\t\t\t\t\t<\/div>\n\t\t<\/div>\n\t\t\t\t<div class=\"elementor-column elementor-col-50 elementor-inner-column elementor-element elementor-element-ca40261\" data-id=\"ca40261\" data-element_type=\"column\">\n\t\t\t<div class=\"elementor-widget-wrap elementor-element-populated\">\n\t\t\t\t\t\t\t\t<div class=\"elementor-element elementor-element-d6207dd elementor-widget elementor-widget-text-editor\" data-id=\"d6207dd\" data-element_type=\"widget\" data-widget_type=\"text-editor.default\">\n\t\t\t\t<div class=\"elementor-widget-container\">\n\t\t\t\t\t\t\t<h2>4 axes de recherche scientifique\u2028 et 1 axe transversal<\/h2><p>Le programme LipSTIC est centr\u00e9 sur le r\u00f4le des lipoprot\u00e9ines dans la lutte contre le cancer et les maladies inflammatoires non-vasculaires. Il est d\u00e9clin\u00e9 selon 4 axes de recherche, les \u00ab\u00a0work packages\u00a0\u00bb (WP)\u00a0et soutenu par 1 axe transversal.<\/p><p><strong>Axe 1\u00a0: <br \/>Transports et vectorisation de mol\u00e9cules bioactives<\/strong><br \/>Utilisation des lipoprot\u00e9ines dans l\u2019absorption et le transport de mol\u00e9cules bioactives naturelles, et vectorisation des m\u00e9dicaments dans le traitement du cancer et de l\u2019inflammation.<\/p><p><strong>Axe 2 : <br \/>Lipides et inflammation dans l&#8217;initiation et la progression des cancers et dans l\u2019immunoth\u00e9rapie<br \/><\/strong>Le r\u00f4le des acides gras et des diff\u00e9rentes lipoproprot\u00e9ines dans l\u2019initiation et la progression du cancer et des maladies inflammatoires non-vasculaires.<\/p><p><strong>Axe 3\u00a0: <br \/>Lipides et endotoxines bact\u00e9riennes\u2028 dans les maladies inflammatoires<\/strong><br \/>Une nouvelle approche dans la pr\u00e9vention et le traitement de la r\u00e9ponse inflammatoire m\u00e9di\u00e9e par les LPS.<\/p><p><strong>Axe 4 : <br \/>Connaissance, savoirs, innovations scientifiques et th\u00e9rapeutiques en sant\u00e9<br \/><\/strong>L\u2019ouverture sur les sciences humaines et sociales pour am\u00e9liorer le rapport co\u00fbt\/efficacit\u00e9 des prises en charge et faire diffuser les connaissances aupr\u00e8s de tous les publics concern\u00e9s.<\/p><p><strong>Axe transversal : <br \/>Valorisation et r\u00e9glementation de m\u00e9dicaments biologiques innovants<\/strong><br \/>Acc\u00e9l\u00e9rer le d\u00e9p\u00f4t de brevets, la cr\u00e9ation d&#8217;entreprises et d&#8217;emplois li\u00e9s aux nouvelles connaissances scientifiques et technologiques.<\/p>\t\t\t\t\t\t<\/div>\n\t\t\t\t<\/div>\n\t\t\t\t\t<\/div>\n\t\t<\/div>\n\t\t\t\t\t\t\t<\/div>\n\t\t<\/section>\n\t\t\t\t<div class=\"elementor-element elementor-element-09da99b elementor-widget elementor-widget-image\" data-id=\"09da99b\" data-element_type=\"widget\" data-widget_type=\"image.default\">\n\t\t\t\t<div class=\"elementor-widget-container\">\n\t\t\t\t\t\t\t\t\t\t\t\t\t\t\t<img decoding=\"async\" width=\"640\" height=\"398\" src=\"https:\/\/www.labex-lipstic.fr\/wp-content\/uploads\/2021\/09\/Schema2021_LipSTIC.jpg\" class=\"attachment-medium_large size-medium_large wp-image-2167\" alt=\"Schema 2021 LipSTIC\" srcset=\"https:\/\/www.labex-lipstic.fr\/wp-content\/uploads\/2021\/09\/Schema2021_LipSTIC.jpg 720w, https:\/\/www.labex-lipstic.fr\/wp-content\/uploads\/2021\/09\/Schema2021_LipSTIC-300x187.jpg 300w, https:\/\/www.labex-lipstic.fr\/wp-content\/uploads\/2021\/09\/Schema2021_LipSTIC-24x15.jpg 24w, https:\/\/www.labex-lipstic.fr\/wp-content\/uploads\/2021\/09\/Schema2021_LipSTIC-36x22.jpg 36w, https:\/\/www.labex-lipstic.fr\/wp-content\/uploads\/2021\/09\/Schema2021_LipSTIC-48x30.jpg 48w\" sizes=\"(max-width: 640px) 100vw, 640px\" \/>\t\t\t\t\t\t\t\t\t\t\t\t\t\t\t<\/div>\n\t\t\t\t<\/div>\n\t\t\t\t\t<\/div>\n\t\t<\/div>\n\t\t\t\t<div class=\"elementor-column elementor-col-50 elementor-top-column elementor-element elementor-element-33e5ea74 col-md-3\" data-id=\"33e5ea74\" data-element_type=\"column\">\n\t\t\t<div class=\"elementor-widget-wrap elementor-element-populated\">\n\t\t\t\t\t\t\t\t<div class=\"elementor-element elementor-element-26a3b543 elementor-widget elementor-widget-image\" data-id=\"26a3b543\" data-element_type=\"widget\" data-widget_type=\"image.default\">\n\t\t\t\t<div class=\"elementor-widget-container\">\n\t\t\t\t\t\t\t\t\t\t\t\t\t\t\t<img decoding=\"async\" width=\"300\" height=\"293\" src=\"https:\/\/www.labex-lipstic.fr\/wp-content\/uploads\/2021\/09\/Lipoproteine3D_LipSTIC.jpg\" class=\"attachment-medium_large size-medium_large wp-image-2129\" alt=\"Lipoproteine 3D LipSTIC\" srcset=\"https:\/\/www.labex-lipstic.fr\/wp-content\/uploads\/2021\/09\/Lipoproteine3D_LipSTIC.jpg 300w, https:\/\/www.labex-lipstic.fr\/wp-content\/uploads\/2021\/09\/Lipoproteine3D_LipSTIC-24x24.jpg 24w, https:\/\/www.labex-lipstic.fr\/wp-content\/uploads\/2021\/09\/Lipoproteine3D_LipSTIC-36x36.jpg 36w, https:\/\/www.labex-lipstic.fr\/wp-content\/uploads\/2021\/09\/Lipoproteine3D_LipSTIC-48x48.jpg 48w\" sizes=\"(max-width: 300px) 100vw, 300px\" \/>\t\t\t\t\t\t\t\t\t\t\t\t\t\t\t<\/div>\n\t\t\t\t<\/div>\n\t\t\t\t<div class=\"elementor-element elementor-element-30935406 elementor-widget elementor-widget-image\" data-id=\"30935406\" data-element_type=\"widget\" data-widget_type=\"image.default\">\n\t\t\t\t<div class=\"elementor-widget-container\">\n\t\t\t\t\t\t\t\t\t\t\t\t\t\t\t<img decoding=\"async\" width=\"300\" height=\"433\" src=\"https:\/\/www.labex-lipstic.fr\/wp-content\/uploads\/2021\/09\/Echantillons_LipSTIC.jpg\" class=\"attachment-medium_large size-medium_large wp-image-2125\" alt=\"Echantillons LipSTIC\" srcset=\"https:\/\/www.labex-lipstic.fr\/wp-content\/uploads\/2021\/09\/Echantillons_LipSTIC.jpg 300w, https:\/\/www.labex-lipstic.fr\/wp-content\/uploads\/2021\/09\/Echantillons_LipSTIC-208x300.jpg 208w, https:\/\/www.labex-lipstic.fr\/wp-content\/uploads\/2021\/09\/Echantillons_LipSTIC-17x24.jpg 17w, https:\/\/www.labex-lipstic.fr\/wp-content\/uploads\/2021\/09\/Echantillons_LipSTIC-25x36.jpg 25w, https:\/\/www.labex-lipstic.fr\/wp-content\/uploads\/2021\/09\/Echantillons_LipSTIC-33x48.jpg 33w\" sizes=\"(max-width: 300px) 100vw, 300px\" \/>\t\t\t\t\t\t\t\t\t\t\t\t\t\t\t<\/div>\n\t\t\t\t<\/div>\n\t\t\t\t\t<\/div>\n\t\t<\/div>\n\t\t\t\t\t\t\t<\/div>\n\t\t<\/section>\n\t\t\t\t\t\t\t<\/div>\n\t\t","protected":false},"excerpt":{"rendered":"","protected":false},"author":3,"featured_media":0,"parent":0,"menu_order":0,"comment_status":"closed","ping_status":"closed","template":"","meta":{"footnotes":""},"acf":[],"yoast_head":"<!-- This site is optimized with the Yoast SEO plugin v21.3 - https:\/\/yoast.com\/wordpress\/plugins\/seo\/ -->\n<title>- Labex Lipstic<\/title>\n<meta name=\"robots\" content=\"index, follow, max-snippet:-1, max-image-preview:large, max-video-preview:-1\" \/>\n<link rel=\"canonical\" href=\"https:\/\/www.labex-lipstic.fr\/en\/3732-2\/\" \/>\n<meta property=\"og:locale\" content=\"en_US\" \/>\n<meta property=\"og:type\" content=\"article\" \/>\n<meta property=\"og:title\" content=\"- Labex Lipstic\" \/>\n<meta property=\"og:url\" content=\"https:\/\/www.labex-lipstic.fr\/en\/3732-2\/\" \/>\n<meta property=\"og:site_name\" content=\"Labex Lipstic\" \/>\n<meta name=\"twitter:card\" content=\"summary_large_image\" \/>\n<script type=\"application\/ld+json\" class=\"yoast-schema-graph\">{\"@context\":\"https:\/\/schema.org\",\"@graph\":[{\"@type\":\"WebPage\",\"@id\":\"https:\/\/www.labex-lipstic.fr\/en\/3732-2\/\",\"url\":\"https:\/\/www.labex-lipstic.fr\/en\/3732-2\/\",\"name\":\"- Labex Lipstic\",\"isPartOf\":{\"@id\":\"https:\/\/www.labex-lipstic.fr\/en\/#website\"},\"datePublished\":\"2022-08-26T13:05:27+00:00\",\"dateModified\":\"2022-08-26T13:05:27+00:00\",\"inLanguage\":\"en-US\",\"potentialAction\":[{\"@type\":\"ReadAction\",\"target\":[\"https:\/\/www.labex-lipstic.fr\/en\/3732-2\/\"]}]},{\"@type\":\"WebSite\",\"@id\":\"https:\/\/www.labex-lipstic.fr\/en\/#website\",\"url\":\"https:\/\/www.labex-lipstic.fr\/en\/\",\"name\":\"Labex Lipstic\",\"description\":\"Site de Labex Lipstic\",\"potentialAction\":[{\"@type\":\"SearchAction\",\"target\":{\"@type\":\"EntryPoint\",\"urlTemplate\":\"https:\/\/www.labex-lipstic.fr\/en\/?s={search_term_string}\"},\"query-input\":\"required name=search_term_string\"}],\"inLanguage\":\"en-US\"}]}<\/script>\n<!-- \/ Yoast SEO plugin. -->","yoast_head_json":{"title":"- Labex Lipstic","robots":{"index":"index","follow":"follow","max-snippet":"max-snippet:-1","max-image-preview":"max-image-preview:large","max-video-preview":"max-video-preview:-1"},"canonical":"https:\/\/www.labex-lipstic.fr\/en\/3732-2\/","og_locale":"en_US","og_type":"article","og_title":"- Labex Lipstic","og_url":"https:\/\/www.labex-lipstic.fr\/en\/3732-2\/","og_site_name":"Labex Lipstic","twitter_card":"summary_large_image","schema":{"@context":"https:\/\/schema.org","@graph":[{"@type":"WebPage","@id":"https:\/\/www.labex-lipstic.fr\/en\/3732-2\/","url":"https:\/\/www.labex-lipstic.fr\/en\/3732-2\/","name":"- Labex Lipstic","isPartOf":{"@id":"https:\/\/www.labex-lipstic.fr\/en\/#website"},"datePublished":"2022-08-26T13:05:27+00:00","dateModified":"2022-08-26T13:05:27+00:00","inLanguage":"en-US","potentialAction":[{"@type":"ReadAction","target":["https:\/\/www.labex-lipstic.fr\/en\/3732-2\/"]}]},{"@type":"WebSite","@id":"https:\/\/www.labex-lipstic.fr\/en\/#website","url":"https:\/\/www.labex-lipstic.fr\/en\/","name":"Labex Lipstic","description":"Site de Labex Lipstic","potentialAction":[{"@type":"SearchAction","target":{"@type":"EntryPoint","urlTemplate":"https:\/\/www.labex-lipstic.fr\/en\/?s={search_term_string}"},"query-input":"required name=search_term_string"}],"inLanguage":"en-US"}]}},"_links":{"self":[{"href":"https:\/\/www.labex-lipstic.fr\/en\/wp-json\/wp\/v2\/pages\/3732"}],"collection":[{"href":"https:\/\/www.labex-lipstic.fr\/en\/wp-json\/wp\/v2\/pages"}],"about":[{"href":"https:\/\/www.labex-lipstic.fr\/en\/wp-json\/wp\/v2\/types\/page"}],"author":[{"embeddable":true,"href":"https:\/\/www.labex-lipstic.fr\/en\/wp-json\/wp\/v2\/users\/3"}],"replies":[{"embeddable":true,"href":"https:\/\/www.labex-lipstic.fr\/en\/wp-json\/wp\/v2\/comments?post=3732"}],"version-history":[{"count":1,"href":"https:\/\/www.labex-lipstic.fr\/en\/wp-json\/wp\/v2\/pages\/3732\/revisions"}],"predecessor-version":[{"id":3733,"href":"https:\/\/www.labex-lipstic.fr\/en\/wp-json\/wp\/v2\/pages\/3732\/revisions\/3733"}],"wp:attachment":[{"href":"https:\/\/www.labex-lipstic.fr\/en\/wp-json\/wp\/v2\/media?parent=3732"}],"curies":[{"name":"wp","href":"https:\/\/api.w.org\/{rel}","templated":true}]}}