{"id":3737,"date":"2022-08-26T15:13:31","date_gmt":"2022-08-26T13:13:31","guid":{"rendered":"https:\/\/www.labex-lipstic.fr\/presentation\/lipstic-labex\/"},"modified":"2022-08-26T15:13:36","modified_gmt":"2022-08-26T13:13:36","slug":"lipstic-labex","status":"publish","type":"page","link":"https:\/\/www.labex-lipstic.fr\/en\/presentation\/lipstic-labex\/","title":{"rendered":"LipSTIC LabEx"},"content":{"rendered":"\t\t<div data-elementor-type=\"wp-page\" data-elementor-id=\"3737\" class=\"elementor elementor-3737 elementor-1054\" data-elementor-post-type=\"page\">\n\t\t\t\t\t\t\t\t\t<section class=\"elementor-section elementor-top-section elementor-element elementor-element-bbd915a elementor-section-full_width elementor-section-height-default elementor-section-height-default\" data-id=\"bbd915a\" data-element_type=\"section\">\n\t\t\t\t\t\t<div class=\"elementor-container elementor-column-gap-default\">\n\t\t\t\t\t<div class=\"elementor-column elementor-col-50 elementor-top-column elementor-element elementor-element-3c77f0ce col-md-9\" data-id=\"3c77f0ce\" data-element_type=\"column\">\n\t\t\t<div class=\"elementor-widget-wrap elementor-element-populated\">\n\t\t\t\t\t\t\t\t<div class=\"elementor-element elementor-element-13bb3b79 elementor-widget elementor-widget-text-editor\" data-id=\"13bb3b79\" data-element_type=\"widget\" data-widget_type=\"text-editor.default\">\n\t\t\t\t<div class=\"elementor-widget-container\">\n\t\t\t\t\t\t\t<h2><span style=\"font-weight: normal;\">Lipoprot\u00e9ines et Sant\u00e9 : pr\u00e9vention et Traitement des maladies Inflammatoires et du Cancer<\/span><\/h2><p>Le LabEx LipSTIC est un programme de recherche multidisciplinaire unique en France : il f\u00e9d\u00e8re 19 \u00e9quipes de recherche acad\u00e9mique et 4 entreprises priv\u00e9es. Il contribue \u00e0 la longue lutte contre le fl\u00e9au du cancer tout en aidant au progr\u00e8s dans les domaines de la transplantation et de l\u2019inflammation. Il repose sur l\u2019id\u00e9e originale et ambitieuse d\u2019utiliser les lipoprot\u00e9ines pour :<br \/>\u2013 pr\u00e9venir la survenue et la progression de pathologies non-vasculaires, telles que le cancer et les maladies inflammatoires ;<br \/>\u2013 transporter des mol\u00e9cules bioactives insolubles dans l\u2019eau (lipides ou m\u00e9dicaments) jusqu\u2019\u00e0 l\u2019organe malade ;<br \/>\u2013 neutraliser et transporter les compos\u00e9s bact\u00e9riens pro-inflammatoires jusqu\u2019au foie pour leur \u00e9limination. Les lipoprot\u00e9ines ont fait l\u2019objet de nombreux travaux dans le domaine cardio-vasculaire, mais ce n\u2019est que r\u00e9cemment que leur r\u00f4le dans le cancer et les maladies inflammatoires suscite un int\u00e9r\u00eat croissant. Leur utilisation pour pr\u00e9venir, diagnostiquer ou traiter ces maladies mobilise les \u00e9quipes du LabEx LipSTIC.\u00a0<\/p><p>Outre la recherche biologique et clinique, le LabEx LipSTIC\u00a0 s&#8217;appuie sur l&#8217;expertise interdiciplinaire d&#8217;\u00e9quipes en sciences humaines et sociales pour travailler sur la diffusion des connaissances et des th\u00e9rapeutiques en lien avec la recherche m\u00e9dicale dans le domaine du LabEx LipSTIC, autour de 3 grandes th\u00e9matiques :<br \/><span style=\"font-size: 1rem;\">&#8211; r\u00e9fl\u00e9chir \u00e0 de nouvelles organisations de soins propices \u00e0 la diffusion des connaissances et des innovations th\u00e9rapeutiques ;<br \/><\/span><span style=\"font-size: 1rem;\">&#8211; innover dans le secteur num\u00e9rique, diffusion des savoirs et des pratiques, controverses sur les pathologies et les traitements ;<br \/><\/span><span style=\"font-size: 1rem;\">&#8211; s&#8217;int\u00e9resser aux enjeux juridiques, \u00e9conomiques et de communication des nouvelles th\u00e9rapies.<\/span><\/p><p>\u00a0<\/p>\t\t\t\t\t\t<\/div>\n\t\t\t\t<\/div>\n\t\t\t\t<section class=\"elementor-section elementor-inner-section elementor-element elementor-element-f99354d video elementor-section-boxed elementor-section-height-default elementor-section-height-default\" data-id=\"f99354d\" data-element_type=\"section\">\n\t\t\t\t\t\t<div class=\"elementor-container elementor-column-gap-default\">\n\t\t\t\t\t<div class=\"elementor-column elementor-col-50 elementor-inner-column elementor-element elementor-element-1000952\" data-id=\"1000952\" data-element_type=\"column\">\n\t\t\t<div class=\"elementor-widget-wrap elementor-element-populated\">\n\t\t\t\t\t\t\t\t<div class=\"elementor-element elementor-element-ef817a0 elementor-widget elementor-widget-video\" data-id=\"ef817a0\" data-element_type=\"widget\" data-settings=\"{&quot;video_type&quot;:&quot;dailymotion&quot;,&quot;controls&quot;:&quot;yes&quot;}\" data-widget_type=\"video.default\">\n\t\t\t\t<div class=\"elementor-widget-container\">\n\t\t\t\t\t<div class=\"elementor-wrapper elementor-open-inline\">\n\t\t\t<iframe class=\"elementor-video-iframe\" allowfullscreen title=\"dailymotion Video Player\" src=\"https:\/\/dailymotion.com\/embed\/video\/x1xjsn1?ui-highlight&amp;start&amp;endscreen-enable=0&amp;controls=1&amp;mute=0&amp;ui-start-screen-info=0&amp;ui-logo=0\"><\/iframe>\t\t<\/div>\n\t\t\t\t<\/div>\n\t\t\t\t<\/div>\n\t\t\t\t<div class=\"elementor-element elementor-element-d637681 elementor-widget elementor-widget-text-editor\" data-id=\"d637681\" data-element_type=\"widget\" data-widget_type=\"text-editor.default\">\n\t\t\t\t<div class=\"elementor-widget-container\">\n\t\t\t\t\t\t\t<p>LABEX LIPSTIC : PROGRAMME DE RECHERCHE NOVATEUR CONTRE LE CANCER \u2013 05:14<\/p>\t\t\t\t\t\t<\/div>\n\t\t\t\t<\/div>\n\t\t\t\t\t<\/div>\n\t\t<\/div>\n\t\t\t\t<div class=\"elementor-column elementor-col-50 elementor-inner-column elementor-element elementor-element-aee77eb\" data-id=\"aee77eb\" data-element_type=\"column\">\n\t\t\t<div class=\"elementor-widget-wrap\">\n\t\t\t\t\t\t\t\t\t<\/div>\n\t\t<\/div>\n\t\t\t\t\t\t\t<\/div>\n\t\t<\/section>\n\t\t\t\t<div class=\"elementor-element elementor-element-8f0ce0d elementor-widget elementor-widget-text-editor\" data-id=\"8f0ce0d\" data-element_type=\"widget\" data-widget_type=\"text-editor.default\">\n\t\t\t\t<div class=\"elementor-widget-container\">\n\t\t\t\t\t\t\t<h2>Qu\u2019est-ce qu\u2019un LabEx ?<\/h2><p>L\u2019action \u201cLaboratoires d\u2019Excellence\u201d du programme \u201cP\u00f4les d\u2019excellence\u201d vise \u00e0 doter les laboratoires \u00e0 visibilit\u00e9 internationale s\u00e9lectionn\u00e9s, de moyens significatifs leur permettant de faire jeu \u00e9gal avec leurs homologues \u00e9trangers, d\u2019attirer les chercheurs et enseignants-chercheurs de renomm\u00e9e internationale et de construire une politique int\u00e9gr\u00e9e de recherche, de formation et de valorisation de haut niveau, ainsi qu\u2019une politique de large diffusion des connaissances.<\/p>\t\t\t\t\t\t<\/div>\n\t\t\t\t<\/div>\n\t\t\t\t<div class=\"elementor-element elementor-element-8b891ed elementor-widget elementor-widget-heading\" data-id=\"8b891ed\" data-element_type=\"widget\" data-widget_type=\"heading.default\">\n\t\t\t\t<div class=\"elementor-widget-container\">\n\t\t\t<h1 class=\"elementor-heading-title elementor-size-default\">Un Programme d\u2019Investissement d\u2019Avenir (PIA)<\/h1>\t\t<\/div>\n\t\t\t\t<\/div>\n\t\t\t\t<section class=\"elementor-section elementor-inner-section elementor-element elementor-element-1cb73cb elementor-section-boxed elementor-section-height-default elementor-section-height-default\" data-id=\"1cb73cb\" data-element_type=\"section\">\n\t\t\t\t\t\t<div class=\"elementor-container elementor-column-gap-default\">\n\t\t\t\t\t<div class=\"elementor-column elementor-col-50 elementor-inner-column elementor-element elementor-element-75ed47d\" data-id=\"75ed47d\" data-element_type=\"column\">\n\t\t\t<div class=\"elementor-widget-wrap elementor-element-populated\">\n\t\t\t\t\t\t\t\t<div class=\"elementor-element elementor-element-6b59e0e elementor-widget elementor-widget-image\" data-id=\"6b59e0e\" data-element_type=\"widget\" data-widget_type=\"image.default\">\n\t\t\t\t<div class=\"elementor-widget-container\">\n\t\t\t\t\t\t\t\t\t\t\t\t\t\t\t<img decoding=\"async\" width=\"150\" height=\"150\" src=\"https:\/\/www.labex-lipstic.fr\/wp-content\/uploads\/2021\/09\/LogoPIA-150x150.png\" class=\"attachment-thumbnail size-thumbnail wp-image-1921\" alt=\"Logo PIA\" srcset=\"https:\/\/www.labex-lipstic.fr\/wp-content\/uploads\/2021\/09\/LogoPIA-150x150.png 150w, https:\/\/www.labex-lipstic.fr\/wp-content\/uploads\/2021\/09\/LogoPIA-300x300.png 300w, https:\/\/www.labex-lipstic.fr\/wp-content\/uploads\/2021\/09\/LogoPIA-768x768.png 768w, https:\/\/www.labex-lipstic.fr\/wp-content\/uploads\/2021\/09\/LogoPIA-24x24.png 24w, https:\/\/www.labex-lipstic.fr\/wp-content\/uploads\/2021\/09\/LogoPIA-36x36.png 36w, https:\/\/www.labex-lipstic.fr\/wp-content\/uploads\/2021\/09\/LogoPIA-48x48.png 48w, https:\/\/www.labex-lipstic.fr\/wp-content\/uploads\/2021\/09\/LogoPIA.png 788w\" sizes=\"(max-width: 150px) 100vw, 150px\" \/>\t\t\t\t\t\t\t\t\t\t\t\t\t\t\t<\/div>\n\t\t\t\t<\/div>\n\t\t\t\t\t<\/div>\n\t\t<\/div>\n\t\t\t\t<div class=\"elementor-column elementor-col-50 elementor-inner-column elementor-element elementor-element-10d1d69\" data-id=\"10d1d69\" data-element_type=\"column\">\n\t\t\t<div class=\"elementor-widget-wrap elementor-element-populated\">\n\t\t\t\t\t\t\t\t<div class=\"elementor-element elementor-element-7dbdbaa elementor-widget elementor-widget-text-editor\" data-id=\"7dbdbaa\" data-element_type=\"widget\" data-widget_type=\"text-editor.default\">\n\t\t\t\t<div class=\"elementor-widget-container\">\n\t\t\t\t\t\t\t<p>Cet appel \u00e0 projets, dot\u00e9 de 7,7 Mds \u20ac, doit permettre de faire \u00e9merger en France 5 \u00e0 10 p\u00f4les<br>pluridisciplinaires d\u2019excellence d\u2019enseignement sup\u00e9rieur et de recherche de rang mondial,<br>capables de rivaliser avec les plus grandes universit\u00e9s du monde. En 2012, une dotation sur 8 ans a&nbsp;\u00e9t\u00e9 accord\u00e9e au LabEx LipSTIC dans le cadre du PIA, prolong\u00e9e en 2020 pour 5 ann\u00e9es suppl\u00e9mentaires. <br>Il a tiss\u00e9 des liens avec plusieurs autres programmes d\u2019investissement d\u2019avenir : IMAPPI, EIPHI, INFLAMEX, GR-EX, MAbImprove&#8230;<\/p>\t\t\t\t\t\t<\/div>\n\t\t\t\t<\/div>\n\t\t\t\t\t<\/div>\n\t\t<\/div>\n\t\t\t\t\t\t\t<\/div>\n\t\t<\/section>\n\t\t\t\t\t<\/div>\n\t\t<\/div>\n\t\t\t\t<div class=\"elementor-column elementor-col-50 elementor-top-column elementor-element elementor-element-53112178 col-md-3\" data-id=\"53112178\" data-element_type=\"column\">\n\t\t\t<div class=\"elementor-widget-wrap elementor-element-populated\">\n\t\t\t\t\t\t\t\t<div class=\"elementor-element elementor-element-29466108 elementor-widget elementor-widget-image\" data-id=\"29466108\" data-element_type=\"widget\" data-widget_type=\"image.default\">\n\t\t\t\t<div class=\"elementor-widget-container\">\n\t\t\t\t\t\t\t\t\t\t\t\t\t\t\t<img decoding=\"async\" width=\"300\" height=\"300\" src=\"https:\/\/www.labex-lipstic.fr\/wp-content\/uploads\/2021\/09\/Defense-LipSTIC.jpg\" class=\"attachment-medium_large size-medium_large wp-image-1968\" alt=\"Defense LipSTIC\" srcset=\"https:\/\/www.labex-lipstic.fr\/wp-content\/uploads\/2021\/09\/Defense-LipSTIC.jpg 300w, https:\/\/www.labex-lipstic.fr\/wp-content\/uploads\/2021\/09\/Defense-LipSTIC-150x150.jpg 150w, https:\/\/www.labex-lipstic.fr\/wp-content\/uploads\/2021\/09\/Defense-LipSTIC-24x24.jpg 24w, https:\/\/www.labex-lipstic.fr\/wp-content\/uploads\/2021\/09\/Defense-LipSTIC-36x36.jpg 36w, https:\/\/www.labex-lipstic.fr\/wp-content\/uploads\/2021\/09\/Defense-LipSTIC-48x48.jpg 48w\" sizes=\"(max-width: 300px) 100vw, 300px\" \/>\t\t\t\t\t\t\t\t\t\t\t\t\t\t\t<\/div>\n\t\t\t\t<\/div>\n\t\t\t\t<div class=\"elementor-element elementor-element-31f0c87 elementor-widget elementor-widget-image\" data-id=\"31f0c87\" data-element_type=\"widget\" data-widget_type=\"image.default\">\n\t\t\t\t<div class=\"elementor-widget-container\">\n\t\t\t\t\t\t\t\t\t\t\t\t\t\t\t<img decoding=\"async\" width=\"300\" height=\"352\" src=\"https:\/\/www.labex-lipstic.fr\/wp-content\/uploads\/2021\/09\/Chercheur-LipSTIC.jpg\" class=\"attachment-medium_large size-medium_large wp-image-1966\" alt=\"Chercheur LipSTIC\" srcset=\"https:\/\/www.labex-lipstic.fr\/wp-content\/uploads\/2021\/09\/Chercheur-LipSTIC.jpg 300w, https:\/\/www.labex-lipstic.fr\/wp-content\/uploads\/2021\/09\/Chercheur-LipSTIC-256x300.jpg 256w, https:\/\/www.labex-lipstic.fr\/wp-content\/uploads\/2021\/09\/Chercheur-LipSTIC-20x24.jpg 20w, https:\/\/www.labex-lipstic.fr\/wp-content\/uploads\/2021\/09\/Chercheur-LipSTIC-31x36.jpg 31w, https:\/\/www.labex-lipstic.fr\/wp-content\/uploads\/2021\/09\/Chercheur-LipSTIC-41x48.jpg 41w\" sizes=\"(max-width: 300px) 100vw, 300px\" \/>\t\t\t\t\t\t\t\t\t\t\t\t\t\t\t<\/div>\n\t\t\t\t<\/div>\n\t\t\t\t<div class=\"elementor-element elementor-element-228e8b93 elementor-widget elementor-widget-image\" data-id=\"228e8b93\" data-element_type=\"widget\" data-widget_type=\"image.default\">\n\t\t\t\t<div class=\"elementor-widget-container\">\n\t\t\t\t\t\t\t\t\t\t\t\t\t\t\t<img decoding=\"async\" width=\"300\" height=\"347\" src=\"https:\/\/www.labex-lipstic.fr\/wp-content\/uploads\/2021\/09\/Lipoproteine-LipSTIC.jpg\" class=\"attachment-medium_large size-medium_large wp-image-1947\" alt=\"Chercheur LipSTIC\" srcset=\"https:\/\/www.labex-lipstic.fr\/wp-content\/uploads\/2021\/09\/Lipoproteine-LipSTIC.jpg 300w, https:\/\/www.labex-lipstic.fr\/wp-content\/uploads\/2021\/09\/Lipoproteine-LipSTIC-259x300.jpg 259w, https:\/\/www.labex-lipstic.fr\/wp-content\/uploads\/2021\/09\/Lipoproteine-LipSTIC-21x24.jpg 21w, https:\/\/www.labex-lipstic.fr\/wp-content\/uploads\/2021\/09\/Lipoproteine-LipSTIC-31x36.jpg 31w, https:\/\/www.labex-lipstic.fr\/wp-content\/uploads\/2021\/09\/Lipoproteine-LipSTIC-41x48.jpg 41w\" sizes=\"(max-width: 300px) 100vw, 300px\" \/>\t\t\t\t\t\t\t\t\t\t\t\t\t\t\t<\/div>\n\t\t\t\t<\/div>\n\t\t\t\t<div class=\"elementor-element elementor-element-2bfc811 elementor-widget elementor-widget-image\" data-id=\"2bfc811\" data-element_type=\"widget\" data-widget_type=\"image.default\">\n\t\t\t\t<div class=\"elementor-widget-container\">\n\t\t\t\t\t\t\t\t\t\t\t\t\t\t\t<img decoding=\"async\" width=\"300\" height=\"316\" src=\"https:\/\/www.labex-lipstic.fr\/wp-content\/uploads\/2021\/09\/Laboratoire-LipSTIC.jpg\" class=\"attachment-medium_large size-medium_large wp-image-1952\" alt=\"\" srcset=\"https:\/\/www.labex-lipstic.fr\/wp-content\/uploads\/2021\/09\/Laboratoire-LipSTIC.jpg 300w, https:\/\/www.labex-lipstic.fr\/wp-content\/uploads\/2021\/09\/Laboratoire-LipSTIC-285x300.jpg 285w, https:\/\/www.labex-lipstic.fr\/wp-content\/uploads\/2021\/09\/Laboratoire-LipSTIC-24x24.jpg 24w, https:\/\/www.labex-lipstic.fr\/wp-content\/uploads\/2021\/09\/Laboratoire-LipSTIC-34x36.jpg 34w, https:\/\/www.labex-lipstic.fr\/wp-content\/uploads\/2021\/09\/Laboratoire-LipSTIC-46x48.jpg 46w\" sizes=\"(max-width: 300px) 100vw, 300px\" \/>\t\t\t\t\t\t\t\t\t\t\t\t\t\t\t<\/div>\n\t\t\t\t<\/div>\n\t\t\t\t\t<\/div>\n\t\t<\/div>\n\t\t\t\t\t\t\t<\/div>\n\t\t<\/section>\n\t\t\t\t\t\t\t<\/div>\n\t\t","protected":false},"excerpt":{"rendered":"<p>Lipoprot\u00e9ines et Sant\u00e9 : pr\u00e9vention et Traitement des maladies Inflammatoires et du Cancer Le LabEx LipSTIC est un programme de recherche multidisciplinaire unique en France : il f\u00e9d\u00e8re 19 \u00e9quipes de recherche acad\u00e9mique et 4 entreprises priv\u00e9es. Il contribue \u00e0 la longue lutte contre le fl\u00e9au du cancer tout en aidant au progr\u00e8s dans les [&hellip;]<\/p>\n","protected":false},"author":1,"featured_media":0,"parent":1682,"menu_order":0,"comment_status":"closed","ping_status":"closed","template":"","meta":{"footnotes":""},"acf":[],"yoast_head":"<!-- This site is optimized with the Yoast SEO plugin v21.3 - https:\/\/yoast.com\/wordpress\/plugins\/seo\/ -->\n<title>LipSTIC LabEx - Labex Lipstic<\/title>\n<meta name=\"robots\" content=\"index, follow, max-snippet:-1, max-image-preview:large, max-video-preview:-1\" \/>\n<link rel=\"canonical\" href=\"https:\/\/www.labex-lipstic.fr\/en\/presentation\/lipstic-labex\/\" \/>\n<meta property=\"og:locale\" content=\"en_US\" \/>\n<meta property=\"og:type\" content=\"article\" \/>\n<meta property=\"og:title\" content=\"LipSTIC LabEx - Labex Lipstic\" \/>\n<meta property=\"og:description\" content=\"Lipoprot\u00e9ines et Sant\u00e9 : pr\u00e9vention et Traitement des maladies Inflammatoires et du Cancer Le LabEx LipSTIC est un programme de recherche multidisciplinaire unique en France : il f\u00e9d\u00e8re 19 \u00e9quipes de recherche acad\u00e9mique et 4 entreprises priv\u00e9es. Il contribue \u00e0 la longue lutte contre le fl\u00e9au du cancer tout en aidant au progr\u00e8s dans les [&hellip;]\" \/>\n<meta property=\"og:url\" content=\"https:\/\/www.labex-lipstic.fr\/en\/presentation\/lipstic-labex\/\" \/>\n<meta property=\"og:site_name\" content=\"Labex Lipstic\" \/>\n<meta property=\"article:modified_time\" content=\"2022-08-26T13:13:36+00:00\" \/>\n<meta property=\"og:image\" content=\"https:\/\/www.labex-lipstic.fr\/wp-content\/uploads\/2021\/09\/LogoPIA-150x150.png\" \/>\n<meta name=\"twitter:card\" content=\"summary_large_image\" \/>\n<meta name=\"twitter:label1\" content=\"Est. reading time\" \/>\n\t<meta name=\"twitter:data1\" content=\"2 minutes\" \/>\n<script type=\"application\/ld+json\" class=\"yoast-schema-graph\">{\"@context\":\"https:\/\/schema.org\",\"@graph\":[{\"@type\":\"WebPage\",\"@id\":\"https:\/\/www.labex-lipstic.fr\/en\/presentation\/lipstic-labex\/\",\"url\":\"https:\/\/www.labex-lipstic.fr\/en\/presentation\/lipstic-labex\/\",\"name\":\"LipSTIC LabEx - Labex Lipstic\",\"isPartOf\":{\"@id\":\"https:\/\/www.labex-lipstic.fr\/en\/#website\"},\"datePublished\":\"2022-08-26T13:13:31+00:00\",\"dateModified\":\"2022-08-26T13:13:36+00:00\",\"breadcrumb\":{\"@id\":\"https:\/\/www.labex-lipstic.fr\/en\/presentation\/lipstic-labex\/#breadcrumb\"},\"inLanguage\":\"en-US\",\"potentialAction\":[{\"@type\":\"ReadAction\",\"target\":[\"https:\/\/www.labex-lipstic.fr\/en\/presentation\/lipstic-labex\/\"]}]},{\"@type\":\"BreadcrumbList\",\"@id\":\"https:\/\/www.labex-lipstic.fr\/en\/presentation\/lipstic-labex\/#breadcrumb\",\"itemListElement\":[{\"@type\":\"ListItem\",\"position\":1,\"name\":\"Accueil\",\"item\":\"https:\/\/www.labex-lipstic.fr\/en\/\"},{\"@type\":\"ListItem\",\"position\":2,\"name\":\"Presentation\",\"item\":\"https:\/\/www.labex-lipstic.fr\/en\/presentation\/\"},{\"@type\":\"ListItem\",\"position\":3,\"name\":\"LipSTIC LabEx\"}]},{\"@type\":\"WebSite\",\"@id\":\"https:\/\/www.labex-lipstic.fr\/en\/#website\",\"url\":\"https:\/\/www.labex-lipstic.fr\/en\/\",\"name\":\"Labex Lipstic\",\"description\":\"Site de Labex Lipstic\",\"potentialAction\":[{\"@type\":\"SearchAction\",\"target\":{\"@type\":\"EntryPoint\",\"urlTemplate\":\"https:\/\/www.labex-lipstic.fr\/en\/?s={search_term_string}\"},\"query-input\":\"required name=search_term_string\"}],\"inLanguage\":\"en-US\"}]}<\/script>\n<!-- \/ Yoast SEO plugin. -->","yoast_head_json":{"title":"LipSTIC LabEx - Labex Lipstic","robots":{"index":"index","follow":"follow","max-snippet":"max-snippet:-1","max-image-preview":"max-image-preview:large","max-video-preview":"max-video-preview:-1"},"canonical":"https:\/\/www.labex-lipstic.fr\/en\/presentation\/lipstic-labex\/","og_locale":"en_US","og_type":"article","og_title":"LipSTIC LabEx - Labex Lipstic","og_description":"Lipoprot\u00e9ines et Sant\u00e9 : pr\u00e9vention et Traitement des maladies Inflammatoires et du Cancer Le LabEx LipSTIC est un programme de recherche multidisciplinaire unique en France : il f\u00e9d\u00e8re 19 \u00e9quipes de recherche acad\u00e9mique et 4 entreprises priv\u00e9es. Il contribue \u00e0 la longue lutte contre le fl\u00e9au du cancer tout en aidant au progr\u00e8s dans les [&hellip;]","og_url":"https:\/\/www.labex-lipstic.fr\/en\/presentation\/lipstic-labex\/","og_site_name":"Labex Lipstic","article_modified_time":"2022-08-26T13:13:36+00:00","og_image":[{"url":"https:\/\/www.labex-lipstic.fr\/wp-content\/uploads\/2021\/09\/LogoPIA-150x150.png"}],"twitter_card":"summary_large_image","twitter_misc":{"Est. reading time":"2 minutes"},"schema":{"@context":"https:\/\/schema.org","@graph":[{"@type":"WebPage","@id":"https:\/\/www.labex-lipstic.fr\/en\/presentation\/lipstic-labex\/","url":"https:\/\/www.labex-lipstic.fr\/en\/presentation\/lipstic-labex\/","name":"LipSTIC LabEx - Labex Lipstic","isPartOf":{"@id":"https:\/\/www.labex-lipstic.fr\/en\/#website"},"datePublished":"2022-08-26T13:13:31+00:00","dateModified":"2022-08-26T13:13:36+00:00","breadcrumb":{"@id":"https:\/\/www.labex-lipstic.fr\/en\/presentation\/lipstic-labex\/#breadcrumb"},"inLanguage":"en-US","potentialAction":[{"@type":"ReadAction","target":["https:\/\/www.labex-lipstic.fr\/en\/presentation\/lipstic-labex\/"]}]},{"@type":"BreadcrumbList","@id":"https:\/\/www.labex-lipstic.fr\/en\/presentation\/lipstic-labex\/#breadcrumb","itemListElement":[{"@type":"ListItem","position":1,"name":"Accueil","item":"https:\/\/www.labex-lipstic.fr\/en\/"},{"@type":"ListItem","position":2,"name":"Presentation","item":"https:\/\/www.labex-lipstic.fr\/en\/presentation\/"},{"@type":"ListItem","position":3,"name":"LipSTIC LabEx"}]},{"@type":"WebSite","@id":"https:\/\/www.labex-lipstic.fr\/en\/#website","url":"https:\/\/www.labex-lipstic.fr\/en\/","name":"Labex Lipstic","description":"Site de Labex Lipstic","potentialAction":[{"@type":"SearchAction","target":{"@type":"EntryPoint","urlTemplate":"https:\/\/www.labex-lipstic.fr\/en\/?s={search_term_string}"},"query-input":"required name=search_term_string"}],"inLanguage":"en-US"}]}},"_links":{"self":[{"href":"https:\/\/www.labex-lipstic.fr\/en\/wp-json\/wp\/v2\/pages\/3737"}],"collection":[{"href":"https:\/\/www.labex-lipstic.fr\/en\/wp-json\/wp\/v2\/pages"}],"about":[{"href":"https:\/\/www.labex-lipstic.fr\/en\/wp-json\/wp\/v2\/types\/page"}],"author":[{"embeddable":true,"href":"https:\/\/www.labex-lipstic.fr\/en\/wp-json\/wp\/v2\/users\/1"}],"replies":[{"embeddable":true,"href":"https:\/\/www.labex-lipstic.fr\/en\/wp-json\/wp\/v2\/comments?post=3737"}],"version-history":[{"count":4,"href":"https:\/\/www.labex-lipstic.fr\/en\/wp-json\/wp\/v2\/pages\/3737\/revisions"}],"predecessor-version":[{"id":3741,"href":"https:\/\/www.labex-lipstic.fr\/en\/wp-json\/wp\/v2\/pages\/3737\/revisions\/3741"}],"up":[{"embeddable":true,"href":"https:\/\/www.labex-lipstic.fr\/en\/wp-json\/wp\/v2\/pages\/1682"}],"wp:attachment":[{"href":"https:\/\/www.labex-lipstic.fr\/en\/wp-json\/wp\/v2\/media?parent=3737"}],"curies":[{"name":"wp","href":"https:\/\/api.w.org\/{rel}","templated":true}]}}